{"id":6498,"date":"2015-12-25T12:45:04","date_gmt":"2015-12-25T12:45:04","guid":{"rendered":"http:\/\/ktto.net\/en\/?page_id=6498"},"modified":"2015-12-25T12:45:04","modified_gmt":"2015-12-25T12:45:04","slug":"video-gallery","status":"publish","type":"page","link":"https:\/\/www.ktto.net\/en\/video-gallery\/","title":{"rendered":"Video  Gallery"},"content":{"rendered":"<div class=\"video_loop\"><div class=\"video_item col-md-6\">\n\t\t\t\t\t<h4 class=\"video_title\">KKTC Ekonomi ve \u0130\u015f Ortam\u0131<\/h4>\n\t\t\t\t\t<div class=\"video_container\"><iframe loading=\"lazy\" title=\"YouTube video player\" src=\"https:\/\/www.youtube.com\/embed\/rUmPv9D8bWY?si=nGLO0E0joxh6GJ-9\" width=\"560\" height=\"315\" frameborder=\"0\" allowfullscreen=\"allowfullscreen\"><\/iframe><\/div>\n\t\t\t\t<\/div><div class=\"video_item col-md-6\">\n\t\t\t\t\t<h4 class=\"video_title\">K\u0131br\u0131s T\u00fcrk Ticaret Odas\u0131 Tan\u0131t\u0131m 2022<\/h4>\n\t\t\t\t\t<div class=\"video_container\"><iframe loading=\"lazy\" title=\"YouTube video player\" src=\"https:\/\/www.youtube.com\/embed\/hhKgrrcqImA?si=AT4hpACj2DMmVdtt\" width=\"560\" height=\"315\" frameborder=\"0\" allowfullscreen=\"allowfullscreen\"><\/iframe><\/div>\n\t\t\t\t<\/div><div class=\"clearfix\"><\/div><div class=\"video_item col-md-6\">\n\t\t\t\t\t<h4 class=\"video_title\">K\u0131br\u0131s T\u00fcrk Ticaret Odas\u0131 Tan\u0131t\u0131m Videosu<\/h4>\n\t\t\t\t\t<div class=\"video_container\"><iframe loading=\"lazy\" width=\"540\" height=\"480\" src=\"https:\/\/www.youtube.com\/embed\/0CPPzFuujPI\" frameborder=\"0\" allow=\"accelerometer; autoplay; encrypted-media; gyroscope; picture-in-picture\" allowfullscreen><\/iframe><\/div>\n\t\t\t\t<\/div><div class=\"video_item col-md-6\">\n\t\t\t\t\t<h4 class=\"video_title\">KTTO ve TOBB Mutabakat \u0130mzalad\u0131 &#8211; 3 Temmuz 2018 &#8211; B\u00f6l\u00fcm 1<\/h4>\n\t\t\t\t\t<div class=\"video_container\"><iframe loading=\"lazy\" src=\"https:\/\/www.youtube.com\/embed\/15FHRImqmw4\" width=\"640\" height=\"480\" frameborder=\"0\" allowfullscreen=\"allowfullscreen\"><span data-mce-type=\"bookmark\" style=\"display: inline-block; width: 0px; overflow: hidden; line-height: 0;\" class=\"mce_SELRES_start\">\ufeff<\/span><\/iframe><\/div>\n\t\t\t\t<\/div><div class=\"clearfix\"><\/div><div class=\"video_item col-md-6\">\n\t\t\t\t\t<h4 class=\"video_title\">KTTO ve TOBB Mutabakat \u0130mzalad\u0131 &#8211; 3 Temmuz 2018 &#8211; B\u00f6l\u00fcm 2<\/h4>\n\t\t\t\t\t<div class=\"video_container\"><iframe loading=\"lazy\" width=\"640\" height=\"480\" src=\"https:\/\/www.youtube.com\/embed\/Bi3aOKcXqhs\" frameborder=\"0\" allow=\"autoplay; encrypted-media\" allowfullscreen><\/iframe><\/div>\n\t\t\t\t<\/div><div class=\"video_item col-md-6\">\n\t\t\t\t\t<h4 class=\"video_title\">KTTO ve TOBB Mutabakat \u0130mzalad\u0131 &#8211; 3 Temmuz 2018 &#8211; B\u00f6l\u00fcm 3<\/h4>\n\t\t\t\t\t<div class=\"video_container\"><iframe loading=\"lazy\" src=\"https:\/\/www.youtube.com\/embed\/kAPTW1FVoCk\" width=\"640\" height=\"480\" frameborder=\"0\" allowfullscreen=\"allowfullscreen\"><span data-mce-type=\"bookmark\" style=\"display: inline-block; width: 0px; overflow: hidden; line-height: 0;\" class=\"mce_SELRES_start\">\ufeff<\/span><\/iframe><\/div>\n\t\t\t\t<\/div><div class=\"clearfix\"><\/div><div class=\"video_item col-md-6\">\n\t\t\t\t\t<h4 class=\"video_title\">KTTO ve TOBB Mutabakat \u0130mzalad\u0131 &#8211; 3 Temmuz 2018 &#8211; B\u00f6l\u00fcm 4<\/h4>\n\t\t\t\t\t<div class=\"video_container\"><iframe loading=\"lazy\" src=\"https:\/\/www.youtube.com\/embed\/NN9uYuA6zzs\" width=\"640\" height=\"480\" frameborder=\"0\" allowfullscreen=\"allowfullscreen\"><span data-mce-type=\"bookmark\" style=\"display: inline-block; width: 0px; overflow: hidden; line-height: 0;\" class=\"mce_SELRES_start\">\ufeff<\/span><\/iframe><\/div>\n\t\t\t\t<\/div><div class=\"video_item col-md-6\">\n\t\t\t\t\t<h4 class=\"video_title\">KTTO ve TOBB Mutabakat \u0130mzalad\u0131 &#8211; 3 Temmuz 2018 &#8211; B\u00f6l\u00fcm 5<\/h4>\n\t\t\t\t\t<div class=\"video_container\"><iframe loading=\"lazy\" src=\"https:\/\/www.youtube.com\/embed\/WNHYYF9JqTs\" width=\"640\" height=\"480\" frameborder=\"0\" allowfullscreen=\"allowfullscreen\"><\/iframe><\/div>\n\t\t\t\t<\/div><div class=\"clearfix\"><\/div><div class=\"video_item col-md-6\">\n\t\t\t\t\t<h4 class=\"video_title\">Haber + Program\u0131 konu\u011fu Ba\u015fkan\u0131m\u0131z Turgay Deniz &#8211;  4 Temmuz 2018<\/h4>\n\t\t\t\t\t<div class=\"video_container\"><iframe loading=\"lazy\" width=\"640\" height=\"480\" src=\"https:\/\/www.youtube.com\/embed\/sSb1nR-1oqE\" frameborder=\"0\" allow=\"autoplay; encrypted-media\" allowfullscreen><\/iframe><\/div>\n\t\t\t\t<\/div><div class=\"video_item col-md-6\">\n\t\t\t\t\t<h4 class=\"video_title\">Hukuksal G\u00f6r\u00fc\u015f Program\u0131 konu\u011fu Ba\u015fkan\u0131m\u0131z Turgay Deniz &#8211; 25 Haziran 2018<\/h4>\n\t\t\t\t\t<div class=\"video_container\"><iframe loading=\"lazy\" src=\"https:\/\/www.youtube.com\/embed\/Jw8ews5Vwcc\" width=\"640\" height=\"480\" frameborder=\"0\" allowfullscreen=\"allowfullscreen\"><\/iframe><\/div>\n\t\t\t\t<\/div><div class=\"clearfix\"><\/div><\/div><div class=\"innoviapagination\"><span aria-current=\"page\" class=\"page-numbers current\">1<\/span>\n<a class=\"page-numbers\" href=\"https:\/\/www.ktto.net\/en\/wp-json\/wp\/v2\/pages\/6498\/page\/2\/\">2<\/a>\n<a class=\"page-numbers\" href=\"https:\/\/www.ktto.net\/en\/wp-json\/wp\/v2\/pages\/6498\/page\/3\/\">3<\/a>\n<span class=\"page-numbers dots\">&hellip;<\/span>\n<a class=\"page-numbers\" href=\"https:\/\/www.ktto.net\/en\/wp-json\/wp\/v2\/pages\/6498\/page\/5\/\">5<\/a>\n<a class=\"next page-numbers\" href=\"https:\/\/www.ktto.net\/en\/wp-json\/wp\/v2\/pages\/6498\/page\/2\/\">Next &raquo;<\/a><\/div>\n","protected":false},"excerpt":{"rendered":"","protected":false},"author":1,"featured_media":0,"parent":0,"menu_order":0,"comment_status":"open","ping_status":"open","template":"page-fullwidth.php","meta":{"om_disable_all_campaigns":false,"_monsterinsights_skip_tracking":false,"_monsterinsights_sitenote_active":false,"_monsterinsights_sitenote_note":"","_monsterinsights_sitenote_category":0,"footnotes":""},"class_list":["post-6498","page","type-page","status-publish","hentry"],"yoast_head":"<!-- This site is optimized with the Yoast SEO plugin v27.3 - https:\/\/yoast.com\/product\/yoast-seo-wordpress\/ -->\n<title>Video Gallery - Ticaret Odas\u0131<\/title>\n<meta name=\"robots\" content=\"index, follow, max-snippet:-1, max-image-preview:large, max-video-preview:-1\" \/>\n<link rel=\"canonical\" href=\"https:\/\/www.ktto.net\/en\/video-gallery\/\" \/>\n<meta property=\"og:locale\" content=\"en_US\" \/>\n<meta property=\"og:type\" content=\"article\" \/>\n<meta property=\"og:title\" content=\"Video Gallery - Ticaret Odas\u0131\" \/>\n<meta property=\"og:url\" content=\"https:\/\/www.ktto.net\/en\/video-gallery\/\" \/>\n<meta property=\"og:site_name\" content=\"Ticaret Odas\u0131\" \/>\n<meta name=\"twitter:card\" content=\"summary_large_image\" \/>\n<script type=\"application\/ld+json\" class=\"yoast-schema-graph\">{\"@context\":\"https:\\\/\\\/schema.org\",\"@graph\":[{\"@type\":\"WebPage\",\"@id\":\"https:\\\/\\\/www.ktto.net\\\/en\\\/video-gallery\\\/\",\"url\":\"https:\\\/\\\/www.ktto.net\\\/en\\\/video-gallery\\\/\",\"name\":\"Video Gallery - Ticaret Odas\u0131\",\"isPartOf\":{\"@id\":\"https:\\\/\\\/www.ktto.net\\\/#website\"},\"datePublished\":\"2015-12-25T12:45:04+00:00\",\"breadcrumb\":{\"@id\":\"https:\\\/\\\/www.ktto.net\\\/en\\\/video-gallery\\\/#breadcrumb\"},\"inLanguage\":\"en-US\",\"potentialAction\":[{\"@type\":\"ReadAction\",\"target\":[\"https:\\\/\\\/www.ktto.net\\\/en\\\/video-gallery\\\/\"]}]},{\"@type\":\"BreadcrumbList\",\"@id\":\"https:\\\/\\\/www.ktto.net\\\/en\\\/video-gallery\\\/#breadcrumb\",\"itemListElement\":[{\"@type\":\"ListItem\",\"position\":1,\"name\":\"Ana sayfa\",\"item\":\"https:\\\/\\\/www.ktto.net\\\/en\\\/\"},{\"@type\":\"ListItem\",\"position\":2,\"name\":\"Video Gallery\"}]},{\"@type\":\"WebSite\",\"@id\":\"https:\\\/\\\/www.ktto.net\\\/#website\",\"url\":\"https:\\\/\\\/www.ktto.net\\\/\",\"name\":\"Ticaret Odas\u0131\",\"description\":\"\",\"potentialAction\":[{\"@type\":\"SearchAction\",\"target\":{\"@type\":\"EntryPoint\",\"urlTemplate\":\"https:\\\/\\\/www.ktto.net\\\/?s={search_term_string}\"},\"query-input\":{\"@type\":\"PropertyValueSpecification\",\"valueRequired\":true,\"valueName\":\"search_term_string\"}}],\"inLanguage\":\"en-US\"}]}<\/script>\n<!-- \/ Yoast SEO plugin. -->","yoast_head_json":{"title":"Video Gallery - Ticaret Odas\u0131","robots":{"index":"index","follow":"follow","max-snippet":"max-snippet:-1","max-image-preview":"max-image-preview:large","max-video-preview":"max-video-preview:-1"},"canonical":"https:\/\/www.ktto.net\/en\/video-gallery\/","og_locale":"en_US","og_type":"article","og_title":"Video Gallery - Ticaret Odas\u0131","og_url":"https:\/\/www.ktto.net\/en\/video-gallery\/","og_site_name":"Ticaret Odas\u0131","twitter_card":"summary_large_image","schema":{"@context":"https:\/\/schema.org","@graph":[{"@type":"WebPage","@id":"https:\/\/www.ktto.net\/en\/video-gallery\/","url":"https:\/\/www.ktto.net\/en\/video-gallery\/","name":"Video Gallery - Ticaret Odas\u0131","isPartOf":{"@id":"https:\/\/www.ktto.net\/#website"},"datePublished":"2015-12-25T12:45:04+00:00","breadcrumb":{"@id":"https:\/\/www.ktto.net\/en\/video-gallery\/#breadcrumb"},"inLanguage":"en-US","potentialAction":[{"@type":"ReadAction","target":["https:\/\/www.ktto.net\/en\/video-gallery\/"]}]},{"@type":"BreadcrumbList","@id":"https:\/\/www.ktto.net\/en\/video-gallery\/#breadcrumb","itemListElement":[{"@type":"ListItem","position":1,"name":"Ana sayfa","item":"https:\/\/www.ktto.net\/en\/"},{"@type":"ListItem","position":2,"name":"Video Gallery"}]},{"@type":"WebSite","@id":"https:\/\/www.ktto.net\/#website","url":"https:\/\/www.ktto.net\/","name":"Ticaret Odas\u0131","description":"","potentialAction":[{"@type":"SearchAction","target":{"@type":"EntryPoint","urlTemplate":"https:\/\/www.ktto.net\/?s={search_term_string}"},"query-input":{"@type":"PropertyValueSpecification","valueRequired":true,"valueName":"search_term_string"}}],"inLanguage":"en-US"}]}},"_links":{"self":[{"href":"https:\/\/www.ktto.net\/en\/wp-json\/wp\/v2\/pages\/6498","targetHints":{"allow":["GET"]}}],"collection":[{"href":"https:\/\/www.ktto.net\/en\/wp-json\/wp\/v2\/pages"}],"about":[{"href":"https:\/\/www.ktto.net\/en\/wp-json\/wp\/v2\/types\/page"}],"author":[{"embeddable":true,"href":"https:\/\/www.ktto.net\/en\/wp-json\/wp\/v2\/users\/1"}],"replies":[{"embeddable":true,"href":"https:\/\/www.ktto.net\/en\/wp-json\/wp\/v2\/comments?post=6498"}],"version-history":[{"count":1,"href":"https:\/\/www.ktto.net\/en\/wp-json\/wp\/v2\/pages\/6498\/revisions"}],"predecessor-version":[{"id":6499,"href":"https:\/\/www.ktto.net\/en\/wp-json\/wp\/v2\/pages\/6498\/revisions\/6499"}],"wp:attachment":[{"href":"https:\/\/www.ktto.net\/en\/wp-json\/wp\/v2\/media?parent=6498"}],"curies":[{"name":"wp","href":"https:\/\/api.w.org\/{rel}","templated":true}]}}