{"id":892,"date":"2014-12-24T14:34:34","date_gmt":"2014-12-24T14:34:34","guid":{"rendered":"http:\/\/ktto.net\/?page_id=892"},"modified":"2014-12-30T10:27:12","modified_gmt":"2014-12-30T10:27:12","slug":"eu-funded-grants-program","status":"publish","type":"page","link":"https:\/\/www.ktto.net\/en\/eu-funded-grants-program\/","title":{"rendered":"EU Funded Grants Program"},"content":{"rendered":"<p>In depth information about EU funded grants can be obtained from European Information Centre.<\/p>\n<p><strong>Contact Information<\/strong><\/p>\n<p><b>European Information Centre<\/b><br \/>\nK\u0131br\u0131s T\u00fcrk Ticaret Odas\u0131<br \/>\n90 Bedrettin Demirel Caddesi Lefko\u015fa<\/p>\n<p>Tel: 228 68 22<br \/>\nFax: 227 07 82<br \/>\ne-mail: <a href=\"mailto:europe@ktto.net\">europe@ktto.net<\/a><br \/>\nWeb: <a href=\"http:\/\/ktto.net\/ab\" target=\"_blank\">www.ktto.net\/eu<\/a><\/p>\n<p>&nbsp;<\/p>\n","protected":false},"excerpt":{"rendered":"<p>In depth information about EU funded grants can be obtained from European Information Centre. Contact Information European Information Centre K\u0131br\u0131s T\u00fcrk Ticaret Odas\u0131 90 Bedrettin Demirel Caddesi Lefko\u015fa Tel: 228 68 22 Fax: 227 07 82 e-mail: europe@ktto.net Web: www.ktto.net\/eu &nbsp;<\/p>\n","protected":false},"author":1,"featured_media":0,"parent":0,"menu_order":0,"comment_status":"open","ping_status":"open","template":"","meta":{"om_disable_all_campaigns":false,"_monsterinsights_skip_tracking":false,"_monsterinsights_sitenote_active":false,"_monsterinsights_sitenote_note":"","_monsterinsights_sitenote_category":0,"footnotes":""},"class_list":["post-892","page","type-page","status-publish","hentry"],"yoast_head":"<!-- This site is optimized with the Yoast SEO plugin v27.3 - https:\/\/yoast.com\/product\/yoast-seo-wordpress\/ -->\n<title>EU Funded Grants Program - Ticaret Odas\u0131<\/title>\n<meta name=\"robots\" content=\"index, follow, max-snippet:-1, max-image-preview:large, max-video-preview:-1\" \/>\n<link rel=\"canonical\" href=\"https:\/\/www.ktto.net\/en\/eu-funded-grants-program\/\" \/>\n<meta property=\"og:locale\" content=\"en_US\" \/>\n<meta property=\"og:type\" content=\"article\" \/>\n<meta property=\"og:title\" content=\"EU Funded Grants Program - Ticaret Odas\u0131\" \/>\n<meta property=\"og:description\" content=\"In depth information about EU funded grants can be obtained from European Information Centre. Contact Information European Information Centre K\u0131br\u0131s T\u00fcrk Ticaret Odas\u0131 90 Bedrettin Demirel Caddesi Lefko\u015fa Tel: 228 68 22 Fax: 227 07 82 e-mail: europe@ktto.net Web: www.ktto.net\/eu &nbsp;\" \/>\n<meta property=\"og:url\" content=\"https:\/\/www.ktto.net\/en\/eu-funded-grants-program\/\" \/>\n<meta property=\"og:site_name\" content=\"Ticaret Odas\u0131\" \/>\n<meta property=\"article:modified_time\" content=\"2014-12-30T10:27:12+00:00\" \/>\n<meta name=\"twitter:card\" content=\"summary_large_image\" \/>\n<script type=\"application\/ld+json\" class=\"yoast-schema-graph\">{\"@context\":\"https:\\\/\\\/schema.org\",\"@graph\":[{\"@type\":\"WebPage\",\"@id\":\"https:\\\/\\\/www.ktto.net\\\/en\\\/eu-funded-grants-program\\\/\",\"url\":\"https:\\\/\\\/www.ktto.net\\\/en\\\/eu-funded-grants-program\\\/\",\"name\":\"EU Funded Grants Program - Ticaret Odas\u0131\",\"isPartOf\":{\"@id\":\"https:\\\/\\\/www.ktto.net\\\/#website\"},\"datePublished\":\"2014-12-24T14:34:34+00:00\",\"dateModified\":\"2014-12-30T10:27:12+00:00\",\"breadcrumb\":{\"@id\":\"https:\\\/\\\/www.ktto.net\\\/en\\\/eu-funded-grants-program\\\/#breadcrumb\"},\"inLanguage\":\"en-US\",\"potentialAction\":[{\"@type\":\"ReadAction\",\"target\":[\"https:\\\/\\\/www.ktto.net\\\/en\\\/eu-funded-grants-program\\\/\"]}]},{\"@type\":\"BreadcrumbList\",\"@id\":\"https:\\\/\\\/www.ktto.net\\\/en\\\/eu-funded-grants-program\\\/#breadcrumb\",\"itemListElement\":[{\"@type\":\"ListItem\",\"position\":1,\"name\":\"Ana sayfa\",\"item\":\"https:\\\/\\\/www.ktto.net\\\/en\\\/\"},{\"@type\":\"ListItem\",\"position\":2,\"name\":\"EU Funded Grants Program\"}]},{\"@type\":\"WebSite\",\"@id\":\"https:\\\/\\\/www.ktto.net\\\/#website\",\"url\":\"https:\\\/\\\/www.ktto.net\\\/\",\"name\":\"Ticaret Odas\u0131\",\"description\":\"\",\"potentialAction\":[{\"@type\":\"SearchAction\",\"target\":{\"@type\":\"EntryPoint\",\"urlTemplate\":\"https:\\\/\\\/www.ktto.net\\\/?s={search_term_string}\"},\"query-input\":{\"@type\":\"PropertyValueSpecification\",\"valueRequired\":true,\"valueName\":\"search_term_string\"}}],\"inLanguage\":\"en-US\"}]}<\/script>\n<!-- \/ Yoast SEO plugin. -->","yoast_head_json":{"title":"EU Funded Grants Program - Ticaret Odas\u0131","robots":{"index":"index","follow":"follow","max-snippet":"max-snippet:-1","max-image-preview":"max-image-preview:large","max-video-preview":"max-video-preview:-1"},"canonical":"https:\/\/www.ktto.net\/en\/eu-funded-grants-program\/","og_locale":"en_US","og_type":"article","og_title":"EU Funded Grants Program - Ticaret Odas\u0131","og_description":"In depth information about EU funded grants can be obtained from European Information Centre. Contact Information European Information Centre K\u0131br\u0131s T\u00fcrk Ticaret Odas\u0131 90 Bedrettin Demirel Caddesi Lefko\u015fa Tel: 228 68 22 Fax: 227 07 82 e-mail: europe@ktto.net Web: www.ktto.net\/eu &nbsp;","og_url":"https:\/\/www.ktto.net\/en\/eu-funded-grants-program\/","og_site_name":"Ticaret Odas\u0131","article_modified_time":"2014-12-30T10:27:12+00:00","twitter_card":"summary_large_image","schema":{"@context":"https:\/\/schema.org","@graph":[{"@type":"WebPage","@id":"https:\/\/www.ktto.net\/en\/eu-funded-grants-program\/","url":"https:\/\/www.ktto.net\/en\/eu-funded-grants-program\/","name":"EU Funded Grants Program - Ticaret Odas\u0131","isPartOf":{"@id":"https:\/\/www.ktto.net\/#website"},"datePublished":"2014-12-24T14:34:34+00:00","dateModified":"2014-12-30T10:27:12+00:00","breadcrumb":{"@id":"https:\/\/www.ktto.net\/en\/eu-funded-grants-program\/#breadcrumb"},"inLanguage":"en-US","potentialAction":[{"@type":"ReadAction","target":["https:\/\/www.ktto.net\/en\/eu-funded-grants-program\/"]}]},{"@type":"BreadcrumbList","@id":"https:\/\/www.ktto.net\/en\/eu-funded-grants-program\/#breadcrumb","itemListElement":[{"@type":"ListItem","position":1,"name":"Ana sayfa","item":"https:\/\/www.ktto.net\/en\/"},{"@type":"ListItem","position":2,"name":"EU Funded Grants Program"}]},{"@type":"WebSite","@id":"https:\/\/www.ktto.net\/#website","url":"https:\/\/www.ktto.net\/","name":"Ticaret Odas\u0131","description":"","potentialAction":[{"@type":"SearchAction","target":{"@type":"EntryPoint","urlTemplate":"https:\/\/www.ktto.net\/?s={search_term_string}"},"query-input":{"@type":"PropertyValueSpecification","valueRequired":true,"valueName":"search_term_string"}}],"inLanguage":"en-US"}]}},"_links":{"self":[{"href":"https:\/\/www.ktto.net\/en\/wp-json\/wp\/v2\/pages\/892","targetHints":{"allow":["GET"]}}],"collection":[{"href":"https:\/\/www.ktto.net\/en\/wp-json\/wp\/v2\/pages"}],"about":[{"href":"https:\/\/www.ktto.net\/en\/wp-json\/wp\/v2\/types\/page"}],"author":[{"embeddable":true,"href":"https:\/\/www.ktto.net\/en\/wp-json\/wp\/v2\/users\/1"}],"replies":[{"embeddable":true,"href":"https:\/\/www.ktto.net\/en\/wp-json\/wp\/v2\/comments?post=892"}],"version-history":[{"count":3,"href":"https:\/\/www.ktto.net\/en\/wp-json\/wp\/v2\/pages\/892\/revisions"}],"predecessor-version":[{"id":1645,"href":"https:\/\/www.ktto.net\/en\/wp-json\/wp\/v2\/pages\/892\/revisions\/1645"}],"wp:attachment":[{"href":"https:\/\/www.ktto.net\/en\/wp-json\/wp\/v2\/media?parent=892"}],"curies":[{"name":"wp","href":"https:\/\/api.w.org\/{rel}","templated":true}]}}