{"id":899,"date":"2014-12-24T15:03:18","date_gmt":"2014-12-24T15:03:18","guid":{"rendered":"http:\/\/ktto.net\/?page_id=899"},"modified":"2014-12-24T15:03:18","modified_gmt":"2014-12-24T15:03:18","slug":"member-application-form","status":"publish","type":"page","link":"https:\/\/www.ktto.net\/en\/member-application-form\/","title":{"rendered":"Member application form"},"content":{"rendered":"<p>K\u0131br\u0131s T\u00fcrk Ticaret Odas\u0131 \u00dcye Kay\u0131t Ba\u015fvuru Formu i\u00e7in\u00a0<a href=\"http:\/\/ktto.net\/wp-content\/uploads\/2014\/09\/uyelikbasvuruformu.xlsx\">t\u0131klay\u0131n\u0131z<\/a><\/p>\n","protected":false},"excerpt":{"rendered":"<p>K\u0131br\u0131s T\u00fcrk Ticaret Odas\u0131 \u00dcye Kay\u0131t Ba\u015fvuru Formu i\u00e7in\u00a0t\u0131klay\u0131n\u0131z<\/p>\n","protected":false},"author":1,"featured_media":0,"parent":0,"menu_order":0,"comment_status":"open","ping_status":"open","template":"","meta":{"om_disable_all_campaigns":false,"_monsterinsights_skip_tracking":false,"_monsterinsights_sitenote_active":false,"_monsterinsights_sitenote_note":"","_monsterinsights_sitenote_category":0,"footnotes":""},"class_list":["post-899","page","type-page","status-publish","hentry"],"yoast_head":"<!-- This site is optimized with the Yoast SEO plugin v27.3 - https:\/\/yoast.com\/product\/yoast-seo-wordpress\/ -->\n<title>Member application form - Ticaret Odas\u0131<\/title>\n<meta name=\"robots\" content=\"index, follow, max-snippet:-1, max-image-preview:large, max-video-preview:-1\" \/>\n<link rel=\"canonical\" href=\"https:\/\/www.ktto.net\/en\/member-application-form\/\" \/>\n<meta property=\"og:locale\" content=\"en_US\" \/>\n<meta property=\"og:type\" content=\"article\" \/>\n<meta property=\"og:title\" content=\"Member application form - Ticaret Odas\u0131\" \/>\n<meta property=\"og:description\" content=\"K\u0131br\u0131s T\u00fcrk Ticaret Odas\u0131 \u00dcye Kay\u0131t Ba\u015fvuru Formu i\u00e7in\u00a0t\u0131klay\u0131n\u0131z\" \/>\n<meta property=\"og:url\" content=\"https:\/\/www.ktto.net\/en\/member-application-form\/\" \/>\n<meta property=\"og:site_name\" content=\"Ticaret Odas\u0131\" \/>\n<meta name=\"twitter:card\" content=\"summary_large_image\" \/>\n<script type=\"application\/ld+json\" class=\"yoast-schema-graph\">{\"@context\":\"https:\\\/\\\/schema.org\",\"@graph\":[{\"@type\":\"WebPage\",\"@id\":\"https:\\\/\\\/www.ktto.net\\\/en\\\/member-application-form\\\/\",\"url\":\"https:\\\/\\\/www.ktto.net\\\/en\\\/member-application-form\\\/\",\"name\":\"Member application form - Ticaret Odas\u0131\",\"isPartOf\":{\"@id\":\"https:\\\/\\\/www.ktto.net\\\/#website\"},\"datePublished\":\"2014-12-24T15:03:18+00:00\",\"breadcrumb\":{\"@id\":\"https:\\\/\\\/www.ktto.net\\\/en\\\/member-application-form\\\/#breadcrumb\"},\"inLanguage\":\"en-US\",\"potentialAction\":[{\"@type\":\"ReadAction\",\"target\":[\"https:\\\/\\\/www.ktto.net\\\/en\\\/member-application-form\\\/\"]}]},{\"@type\":\"BreadcrumbList\",\"@id\":\"https:\\\/\\\/www.ktto.net\\\/en\\\/member-application-form\\\/#breadcrumb\",\"itemListElement\":[{\"@type\":\"ListItem\",\"position\":1,\"name\":\"Ana sayfa\",\"item\":\"https:\\\/\\\/www.ktto.net\\\/en\\\/\"},{\"@type\":\"ListItem\",\"position\":2,\"name\":\"Member application form\"}]},{\"@type\":\"WebSite\",\"@id\":\"https:\\\/\\\/www.ktto.net\\\/#website\",\"url\":\"https:\\\/\\\/www.ktto.net\\\/\",\"name\":\"Ticaret Odas\u0131\",\"description\":\"\",\"potentialAction\":[{\"@type\":\"SearchAction\",\"target\":{\"@type\":\"EntryPoint\",\"urlTemplate\":\"https:\\\/\\\/www.ktto.net\\\/?s={search_term_string}\"},\"query-input\":{\"@type\":\"PropertyValueSpecification\",\"valueRequired\":true,\"valueName\":\"search_term_string\"}}],\"inLanguage\":\"en-US\"}]}<\/script>\n<!-- \/ Yoast SEO plugin. -->","yoast_head_json":{"title":"Member application form - Ticaret Odas\u0131","robots":{"index":"index","follow":"follow","max-snippet":"max-snippet:-1","max-image-preview":"max-image-preview:large","max-video-preview":"max-video-preview:-1"},"canonical":"https:\/\/www.ktto.net\/en\/member-application-form\/","og_locale":"en_US","og_type":"article","og_title":"Member application form - Ticaret Odas\u0131","og_description":"K\u0131br\u0131s T\u00fcrk Ticaret Odas\u0131 \u00dcye Kay\u0131t Ba\u015fvuru Formu i\u00e7in\u00a0t\u0131klay\u0131n\u0131z","og_url":"https:\/\/www.ktto.net\/en\/member-application-form\/","og_site_name":"Ticaret Odas\u0131","twitter_card":"summary_large_image","schema":{"@context":"https:\/\/schema.org","@graph":[{"@type":"WebPage","@id":"https:\/\/www.ktto.net\/en\/member-application-form\/","url":"https:\/\/www.ktto.net\/en\/member-application-form\/","name":"Member application form - Ticaret Odas\u0131","isPartOf":{"@id":"https:\/\/www.ktto.net\/#website"},"datePublished":"2014-12-24T15:03:18+00:00","breadcrumb":{"@id":"https:\/\/www.ktto.net\/en\/member-application-form\/#breadcrumb"},"inLanguage":"en-US","potentialAction":[{"@type":"ReadAction","target":["https:\/\/www.ktto.net\/en\/member-application-form\/"]}]},{"@type":"BreadcrumbList","@id":"https:\/\/www.ktto.net\/en\/member-application-form\/#breadcrumb","itemListElement":[{"@type":"ListItem","position":1,"name":"Ana sayfa","item":"https:\/\/www.ktto.net\/en\/"},{"@type":"ListItem","position":2,"name":"Member application form"}]},{"@type":"WebSite","@id":"https:\/\/www.ktto.net\/#website","url":"https:\/\/www.ktto.net\/","name":"Ticaret Odas\u0131","description":"","potentialAction":[{"@type":"SearchAction","target":{"@type":"EntryPoint","urlTemplate":"https:\/\/www.ktto.net\/?s={search_term_string}"},"query-input":{"@type":"PropertyValueSpecification","valueRequired":true,"valueName":"search_term_string"}}],"inLanguage":"en-US"}]}},"_links":{"self":[{"href":"https:\/\/www.ktto.net\/en\/wp-json\/wp\/v2\/pages\/899","targetHints":{"allow":["GET"]}}],"collection":[{"href":"https:\/\/www.ktto.net\/en\/wp-json\/wp\/v2\/pages"}],"about":[{"href":"https:\/\/www.ktto.net\/en\/wp-json\/wp\/v2\/types\/page"}],"author":[{"embeddable":true,"href":"https:\/\/www.ktto.net\/en\/wp-json\/wp\/v2\/users\/1"}],"replies":[{"embeddable":true,"href":"https:\/\/www.ktto.net\/en\/wp-json\/wp\/v2\/comments?post=899"}],"version-history":[{"count":1,"href":"https:\/\/www.ktto.net\/en\/wp-json\/wp\/v2\/pages\/899\/revisions"}],"predecessor-version":[{"id":900,"href":"https:\/\/www.ktto.net\/en\/wp-json\/wp\/v2\/pages\/899\/revisions\/900"}],"wp:attachment":[{"href":"https:\/\/www.ktto.net\/en\/wp-json\/wp\/v2\/media?parent=899"}],"curies":[{"name":"wp","href":"https:\/\/api.w.org\/{rel}","templated":true}]}}