{"id":901,"date":"2014-12-24T15:14:33","date_gmt":"2014-12-24T15:14:33","guid":{"rendered":"http:\/\/ktto.net\/?page_id=901"},"modified":"2014-12-24T15:14:33","modified_gmt":"2014-12-24T15:14:33","slug":"member-service-documents","status":"publish","type":"page","link":"https:\/\/www.ktto.net\/en\/member-service-documents\/","title":{"rendered":"Member Service Documents"},"content":{"rendered":"<p>\u00dcyelerimiz i\u00e7in d\u00fczenledi\u011fimiz ve onaylad\u0131\u011f\u0131m\u0131z belgeler.<\/p>\n<ul>\n<li>Uluslararas\u0131 Men\u015fe Belgeleri<\/li>\n<li>\u00dcyelik Sicil Belgesi<\/li>\n<li>\u00dcye talebine istinaden d\u00fczenlenen belegeler<\/li>\n<li>KTTO \u00dcye Kimlik Kart\u0131<\/li>\n<\/ul>\n","protected":false},"excerpt":{"rendered":"<p>\u00dcyelerimiz i\u00e7in d\u00fczenledi\u011fimiz ve onaylad\u0131\u011f\u0131m\u0131z belgeler. Uluslararas\u0131 Men\u015fe Belgeleri \u00dcyelik Sicil Belgesi \u00dcye talebine istinaden d\u00fczenlenen belegeler KTTO \u00dcye Kimlik Kart\u0131<\/p>\n","protected":false},"author":1,"featured_media":0,"parent":0,"menu_order":0,"comment_status":"open","ping_status":"open","template":"","meta":{"om_disable_all_campaigns":false,"_monsterinsights_skip_tracking":false,"_monsterinsights_sitenote_active":false,"_monsterinsights_sitenote_note":"","_monsterinsights_sitenote_category":0,"footnotes":""},"class_list":["post-901","page","type-page","status-publish","hentry"],"yoast_head":"<!-- This site is optimized with the Yoast SEO plugin v27.3 - https:\/\/yoast.com\/product\/yoast-seo-wordpress\/ -->\n<title>Member Service Documents - Ticaret Odas\u0131<\/title>\n<meta name=\"robots\" content=\"index, follow, max-snippet:-1, max-image-preview:large, max-video-preview:-1\" \/>\n<link rel=\"canonical\" href=\"https:\/\/www.ktto.net\/en\/member-service-documents\/\" \/>\n<meta property=\"og:locale\" content=\"en_US\" \/>\n<meta property=\"og:type\" content=\"article\" \/>\n<meta property=\"og:title\" content=\"Member Service Documents - Ticaret Odas\u0131\" \/>\n<meta property=\"og:description\" content=\"\u00dcyelerimiz i\u00e7in d\u00fczenledi\u011fimiz ve onaylad\u0131\u011f\u0131m\u0131z belgeler. Uluslararas\u0131 Men\u015fe Belgeleri \u00dcyelik Sicil Belgesi \u00dcye talebine istinaden d\u00fczenlenen belegeler KTTO \u00dcye Kimlik Kart\u0131\" \/>\n<meta property=\"og:url\" content=\"https:\/\/www.ktto.net\/en\/member-service-documents\/\" \/>\n<meta property=\"og:site_name\" content=\"Ticaret Odas\u0131\" \/>\n<meta name=\"twitter:card\" content=\"summary_large_image\" \/>\n<script type=\"application\/ld+json\" class=\"yoast-schema-graph\">{\"@context\":\"https:\\\/\\\/schema.org\",\"@graph\":[{\"@type\":\"WebPage\",\"@id\":\"https:\\\/\\\/www.ktto.net\\\/en\\\/member-service-documents\\\/\",\"url\":\"https:\\\/\\\/www.ktto.net\\\/en\\\/member-service-documents\\\/\",\"name\":\"Member Service Documents - Ticaret Odas\u0131\",\"isPartOf\":{\"@id\":\"https:\\\/\\\/www.ktto.net\\\/#website\"},\"datePublished\":\"2014-12-24T15:14:33+00:00\",\"breadcrumb\":{\"@id\":\"https:\\\/\\\/www.ktto.net\\\/en\\\/member-service-documents\\\/#breadcrumb\"},\"inLanguage\":\"en-US\",\"potentialAction\":[{\"@type\":\"ReadAction\",\"target\":[\"https:\\\/\\\/www.ktto.net\\\/en\\\/member-service-documents\\\/\"]}]},{\"@type\":\"BreadcrumbList\",\"@id\":\"https:\\\/\\\/www.ktto.net\\\/en\\\/member-service-documents\\\/#breadcrumb\",\"itemListElement\":[{\"@type\":\"ListItem\",\"position\":1,\"name\":\"Ana sayfa\",\"item\":\"https:\\\/\\\/www.ktto.net\\\/en\\\/\"},{\"@type\":\"ListItem\",\"position\":2,\"name\":\"Member Service Documents\"}]},{\"@type\":\"WebSite\",\"@id\":\"https:\\\/\\\/www.ktto.net\\\/#website\",\"url\":\"https:\\\/\\\/www.ktto.net\\\/\",\"name\":\"Ticaret Odas\u0131\",\"description\":\"\",\"potentialAction\":[{\"@type\":\"SearchAction\",\"target\":{\"@type\":\"EntryPoint\",\"urlTemplate\":\"https:\\\/\\\/www.ktto.net\\\/?s={search_term_string}\"},\"query-input\":{\"@type\":\"PropertyValueSpecification\",\"valueRequired\":true,\"valueName\":\"search_term_string\"}}],\"inLanguage\":\"en-US\"}]}<\/script>\n<!-- \/ Yoast SEO plugin. -->","yoast_head_json":{"title":"Member Service Documents - Ticaret Odas\u0131","robots":{"index":"index","follow":"follow","max-snippet":"max-snippet:-1","max-image-preview":"max-image-preview:large","max-video-preview":"max-video-preview:-1"},"canonical":"https:\/\/www.ktto.net\/en\/member-service-documents\/","og_locale":"en_US","og_type":"article","og_title":"Member Service Documents - Ticaret Odas\u0131","og_description":"\u00dcyelerimiz i\u00e7in d\u00fczenledi\u011fimiz ve onaylad\u0131\u011f\u0131m\u0131z belgeler. Uluslararas\u0131 Men\u015fe Belgeleri \u00dcyelik Sicil Belgesi \u00dcye talebine istinaden d\u00fczenlenen belegeler KTTO \u00dcye Kimlik Kart\u0131","og_url":"https:\/\/www.ktto.net\/en\/member-service-documents\/","og_site_name":"Ticaret Odas\u0131","twitter_card":"summary_large_image","schema":{"@context":"https:\/\/schema.org","@graph":[{"@type":"WebPage","@id":"https:\/\/www.ktto.net\/en\/member-service-documents\/","url":"https:\/\/www.ktto.net\/en\/member-service-documents\/","name":"Member Service Documents - Ticaret Odas\u0131","isPartOf":{"@id":"https:\/\/www.ktto.net\/#website"},"datePublished":"2014-12-24T15:14:33+00:00","breadcrumb":{"@id":"https:\/\/www.ktto.net\/en\/member-service-documents\/#breadcrumb"},"inLanguage":"en-US","potentialAction":[{"@type":"ReadAction","target":["https:\/\/www.ktto.net\/en\/member-service-documents\/"]}]},{"@type":"BreadcrumbList","@id":"https:\/\/www.ktto.net\/en\/member-service-documents\/#breadcrumb","itemListElement":[{"@type":"ListItem","position":1,"name":"Ana sayfa","item":"https:\/\/www.ktto.net\/en\/"},{"@type":"ListItem","position":2,"name":"Member Service Documents"}]},{"@type":"WebSite","@id":"https:\/\/www.ktto.net\/#website","url":"https:\/\/www.ktto.net\/","name":"Ticaret Odas\u0131","description":"","potentialAction":[{"@type":"SearchAction","target":{"@type":"EntryPoint","urlTemplate":"https:\/\/www.ktto.net\/?s={search_term_string}"},"query-input":{"@type":"PropertyValueSpecification","valueRequired":true,"valueName":"search_term_string"}}],"inLanguage":"en-US"}]}},"_links":{"self":[{"href":"https:\/\/www.ktto.net\/en\/wp-json\/wp\/v2\/pages\/901","targetHints":{"allow":["GET"]}}],"collection":[{"href":"https:\/\/www.ktto.net\/en\/wp-json\/wp\/v2\/pages"}],"about":[{"href":"https:\/\/www.ktto.net\/en\/wp-json\/wp\/v2\/types\/page"}],"author":[{"embeddable":true,"href":"https:\/\/www.ktto.net\/en\/wp-json\/wp\/v2\/users\/1"}],"replies":[{"embeddable":true,"href":"https:\/\/www.ktto.net\/en\/wp-json\/wp\/v2\/comments?post=901"}],"version-history":[{"count":1,"href":"https:\/\/www.ktto.net\/en\/wp-json\/wp\/v2\/pages\/901\/revisions"}],"predecessor-version":[{"id":902,"href":"https:\/\/www.ktto.net\/en\/wp-json\/wp\/v2\/pages\/901\/revisions\/902"}],"wp:attachment":[{"href":"https:\/\/www.ktto.net\/en\/wp-json\/wp\/v2\/media?parent=901"}],"curies":[{"name":"wp","href":"https:\/\/api.w.org\/{rel}","templated":true}]}}