{"id":939,"date":"2014-12-25T09:14:18","date_gmt":"2014-12-25T09:14:18","guid":{"rendered":"http:\/\/ktto.net\/?page_id=939"},"modified":"2014-12-25T09:14:18","modified_gmt":"2014-12-25T09:14:18","slug":"commission-regulation-ec-no-16242005","status":"publish","type":"page","link":"https:\/\/www.ktto.net\/en\/commission-regulation-ec-no-16242005\/","title":{"rendered":"COMMISSION REGULATION ( EC) No 1624\/2005"},"content":{"rendered":"<p><strong>4 Ekim 2005 866\/2004 No.lu Konsey T\u00fcz\u00fc\u011f\u00fc\u2019nden narenciye\u2019nin K\u0131br\u0131s\u2019taki Hat\u2019tan ge\u00e7i\u015fi ile ilgili istisna<\/strong> &#8230;&#8230;&#8230; Madde 1 866\/2004 No.lu t\u00fcz\u00fc\u011f\u00fcn 4(2) maddesindeki ilk altparagrafa istisna olarak; s\u00f6zkonusu T\u00fcz\u00fck kapsam\u0131nda 0805 tarife numaras\u0131 alt\u0131ndaki narenciye, Hat\u2019tan ge\u00e7i\u015fi g\u00fcmr\u00fck vergisine veya benzeri etkileri olan m\u00fckellefiyetlere tabi tutulmamal\u0131d\u0131r. Madde 2 Bu T\u00fcz\u00fck, AB Resmi Gazetesi\u2019nde yay\u0131mlanmas\u0131n\u0131 takip eden \u00fc\u00e7\u00fcnc\u00fc g\u00fcnde y\u00fcr\u00fcrl\u00fc\u011fe girer. Bu T\u00fcz\u00fck, b\u00fct\u00fcn\u00fc itibariyle t\u00fcm \u00dcye Devletlerde uygulan\u0131r ve ba\u011flay\u0131c\u0131d\u0131r.<\/p>\n","protected":false},"excerpt":{"rendered":"<p>4 Ekim 2005 866\/2004 No.lu Konsey T\u00fcz\u00fc\u011f\u00fc\u2019nden narenciye\u2019nin K\u0131br\u0131s\u2019taki Hat\u2019tan ge\u00e7i\u015fi ile ilgili istisna &#8230;&#8230;&#8230; Madde 1 866\/2004 No.lu t\u00fcz\u00fc\u011f\u00fcn 4(2) maddesindeki ilk altparagrafa istisna olarak; s\u00f6zkonusu T\u00fcz\u00fck kapsam\u0131nda 0805 tarife numaras\u0131 alt\u0131ndaki narenciye, Hat\u2019tan ge\u00e7i\u015fi g\u00fcmr\u00fck vergisine veya benzeri etkileri olan m\u00fckellefiyetlere tabi tutulmamal\u0131d\u0131r. Madde 2 Bu T\u00fcz\u00fck, AB Resmi Gazetesi\u2019nde yay\u0131mlanmas\u0131n\u0131 takip eden [&hellip;]<\/p>\n","protected":false},"author":1,"featured_media":0,"parent":0,"menu_order":0,"comment_status":"open","ping_status":"open","template":"","meta":{"om_disable_all_campaigns":false,"_monsterinsights_skip_tracking":false,"_monsterinsights_sitenote_active":false,"_monsterinsights_sitenote_note":"","_monsterinsights_sitenote_category":0,"footnotes":""},"class_list":["post-939","page","type-page","status-publish","hentry"],"yoast_head":"<!-- This site is optimized with the Yoast SEO plugin v27.4 - https:\/\/yoast.com\/product\/yoast-seo-wordpress\/ -->\n<title>COMMISSION REGULATION ( EC) No 1624\/2005 - Ticaret Odas\u0131<\/title>\n<meta name=\"robots\" content=\"index, follow, max-snippet:-1, max-image-preview:large, max-video-preview:-1\" \/>\n<link rel=\"canonical\" href=\"https:\/\/www.ktto.net\/en\/commission-regulation-ec-no-16242005\/\" \/>\n<meta property=\"og:locale\" content=\"en_US\" \/>\n<meta property=\"og:type\" content=\"article\" \/>\n<meta property=\"og:title\" content=\"COMMISSION REGULATION ( EC) No 1624\/2005 - Ticaret Odas\u0131\" \/>\n<meta property=\"og:description\" content=\"4 Ekim 2005 866\/2004 No.lu Konsey T\u00fcz\u00fc\u011f\u00fc\u2019nden narenciye\u2019nin K\u0131br\u0131s\u2019taki Hat\u2019tan ge\u00e7i\u015fi ile ilgili istisna &#8230;&#8230;&#8230; Madde 1 866\/2004 No.lu t\u00fcz\u00fc\u011f\u00fcn 4(2) maddesindeki ilk altparagrafa istisna olarak; s\u00f6zkonusu T\u00fcz\u00fck kapsam\u0131nda 0805 tarife numaras\u0131 alt\u0131ndaki narenciye, Hat\u2019tan ge\u00e7i\u015fi g\u00fcmr\u00fck vergisine veya benzeri etkileri olan m\u00fckellefiyetlere tabi tutulmamal\u0131d\u0131r. Madde 2 Bu T\u00fcz\u00fck, AB Resmi Gazetesi\u2019nde yay\u0131mlanmas\u0131n\u0131 takip eden [&hellip;]\" \/>\n<meta property=\"og:url\" content=\"https:\/\/www.ktto.net\/en\/commission-regulation-ec-no-16242005\/\" \/>\n<meta property=\"og:site_name\" content=\"Ticaret Odas\u0131\" \/>\n<meta name=\"twitter:card\" content=\"summary_large_image\" \/>\n<meta name=\"twitter:label1\" content=\"Est. reading time\" \/>\n\t<meta name=\"twitter:data1\" content=\"1 minute\" \/>\n<script type=\"application\/ld+json\" class=\"yoast-schema-graph\">{\"@context\":\"https:\\\/\\\/schema.org\",\"@graph\":[{\"@type\":\"WebPage\",\"@id\":\"https:\\\/\\\/www.ktto.net\\\/en\\\/commission-regulation-ec-no-16242005\\\/\",\"url\":\"https:\\\/\\\/www.ktto.net\\\/en\\\/commission-regulation-ec-no-16242005\\\/\",\"name\":\"COMMISSION REGULATION ( EC) No 1624\\\/2005 - Ticaret Odas\u0131\",\"isPartOf\":{\"@id\":\"https:\\\/\\\/www.ktto.net\\\/#website\"},\"datePublished\":\"2014-12-25T09:14:18+00:00\",\"breadcrumb\":{\"@id\":\"https:\\\/\\\/www.ktto.net\\\/en\\\/commission-regulation-ec-no-16242005\\\/#breadcrumb\"},\"inLanguage\":\"en-US\",\"potentialAction\":[{\"@type\":\"ReadAction\",\"target\":[\"https:\\\/\\\/www.ktto.net\\\/en\\\/commission-regulation-ec-no-16242005\\\/\"]}]},{\"@type\":\"BreadcrumbList\",\"@id\":\"https:\\\/\\\/www.ktto.net\\\/en\\\/commission-regulation-ec-no-16242005\\\/#breadcrumb\",\"itemListElement\":[{\"@type\":\"ListItem\",\"position\":1,\"name\":\"Ana sayfa\",\"item\":\"https:\\\/\\\/www.ktto.net\\\/en\\\/\"},{\"@type\":\"ListItem\",\"position\":2,\"name\":\"COMMISSION REGULATION ( EC) No 1624\\\/2005\"}]},{\"@type\":\"WebSite\",\"@id\":\"https:\\\/\\\/www.ktto.net\\\/#website\",\"url\":\"https:\\\/\\\/www.ktto.net\\\/\",\"name\":\"Ticaret Odas\u0131\",\"description\":\"\",\"potentialAction\":[{\"@type\":\"SearchAction\",\"target\":{\"@type\":\"EntryPoint\",\"urlTemplate\":\"https:\\\/\\\/www.ktto.net\\\/?s={search_term_string}\"},\"query-input\":{\"@type\":\"PropertyValueSpecification\",\"valueRequired\":true,\"valueName\":\"search_term_string\"}}],\"inLanguage\":\"en-US\"}]}<\/script>\n<!-- \/ Yoast SEO plugin. -->","yoast_head_json":{"title":"COMMISSION REGULATION ( EC) No 1624\/2005 - Ticaret Odas\u0131","robots":{"index":"index","follow":"follow","max-snippet":"max-snippet:-1","max-image-preview":"max-image-preview:large","max-video-preview":"max-video-preview:-1"},"canonical":"https:\/\/www.ktto.net\/en\/commission-regulation-ec-no-16242005\/","og_locale":"en_US","og_type":"article","og_title":"COMMISSION REGULATION ( EC) No 1624\/2005 - Ticaret Odas\u0131","og_description":"4 Ekim 2005 866\/2004 No.lu Konsey T\u00fcz\u00fc\u011f\u00fc\u2019nden narenciye\u2019nin K\u0131br\u0131s\u2019taki Hat\u2019tan ge\u00e7i\u015fi ile ilgili istisna &#8230;&#8230;&#8230; Madde 1 866\/2004 No.lu t\u00fcz\u00fc\u011f\u00fcn 4(2) maddesindeki ilk altparagrafa istisna olarak; s\u00f6zkonusu T\u00fcz\u00fck kapsam\u0131nda 0805 tarife numaras\u0131 alt\u0131ndaki narenciye, Hat\u2019tan ge\u00e7i\u015fi g\u00fcmr\u00fck vergisine veya benzeri etkileri olan m\u00fckellefiyetlere tabi tutulmamal\u0131d\u0131r. Madde 2 Bu T\u00fcz\u00fck, AB Resmi Gazetesi\u2019nde yay\u0131mlanmas\u0131n\u0131 takip eden [&hellip;]","og_url":"https:\/\/www.ktto.net\/en\/commission-regulation-ec-no-16242005\/","og_site_name":"Ticaret Odas\u0131","twitter_card":"summary_large_image","twitter_misc":{"Est. reading time":"1 minute"},"schema":{"@context":"https:\/\/schema.org","@graph":[{"@type":"WebPage","@id":"https:\/\/www.ktto.net\/en\/commission-regulation-ec-no-16242005\/","url":"https:\/\/www.ktto.net\/en\/commission-regulation-ec-no-16242005\/","name":"COMMISSION REGULATION ( EC) No 1624\/2005 - Ticaret Odas\u0131","isPartOf":{"@id":"https:\/\/www.ktto.net\/#website"},"datePublished":"2014-12-25T09:14:18+00:00","breadcrumb":{"@id":"https:\/\/www.ktto.net\/en\/commission-regulation-ec-no-16242005\/#breadcrumb"},"inLanguage":"en-US","potentialAction":[{"@type":"ReadAction","target":["https:\/\/www.ktto.net\/en\/commission-regulation-ec-no-16242005\/"]}]},{"@type":"BreadcrumbList","@id":"https:\/\/www.ktto.net\/en\/commission-regulation-ec-no-16242005\/#breadcrumb","itemListElement":[{"@type":"ListItem","position":1,"name":"Ana sayfa","item":"https:\/\/www.ktto.net\/en\/"},{"@type":"ListItem","position":2,"name":"COMMISSION REGULATION ( EC) No 1624\/2005"}]},{"@type":"WebSite","@id":"https:\/\/www.ktto.net\/#website","url":"https:\/\/www.ktto.net\/","name":"Ticaret Odas\u0131","description":"","potentialAction":[{"@type":"SearchAction","target":{"@type":"EntryPoint","urlTemplate":"https:\/\/www.ktto.net\/?s={search_term_string}"},"query-input":{"@type":"PropertyValueSpecification","valueRequired":true,"valueName":"search_term_string"}}],"inLanguage":"en-US"}]}},"_links":{"self":[{"href":"https:\/\/www.ktto.net\/en\/wp-json\/wp\/v2\/pages\/939","targetHints":{"allow":["GET"]}}],"collection":[{"href":"https:\/\/www.ktto.net\/en\/wp-json\/wp\/v2\/pages"}],"about":[{"href":"https:\/\/www.ktto.net\/en\/wp-json\/wp\/v2\/types\/page"}],"author":[{"embeddable":true,"href":"https:\/\/www.ktto.net\/en\/wp-json\/wp\/v2\/users\/1"}],"replies":[{"embeddable":true,"href":"https:\/\/www.ktto.net\/en\/wp-json\/wp\/v2\/comments?post=939"}],"version-history":[{"count":1,"href":"https:\/\/www.ktto.net\/en\/wp-json\/wp\/v2\/pages\/939\/revisions"}],"predecessor-version":[{"id":940,"href":"https:\/\/www.ktto.net\/en\/wp-json\/wp\/v2\/pages\/939\/revisions\/940"}],"wp:attachment":[{"href":"https:\/\/www.ktto.net\/en\/wp-json\/wp\/v2\/media?parent=939"}],"curies":[{"name":"wp","href":"https:\/\/api.w.org\/{rel}","templated":true}]}}