{"id":945,"date":"2014-12-25T12:36:47","date_gmt":"2014-12-25T12:36:47","guid":{"rendered":"http:\/\/ktto.net\/?page_id=945"},"modified":"2025-03-03T17:12:29","modified_gmt":"2025-03-03T15:12:29","slug":"council-room","status":"publish","type":"page","link":"https:\/\/www.ktto.net\/en\/council-room\/","title":{"rendered":"Chamber Assembly"},"content":{"rendered":"<div class=\"wpb-content-wrapper\"><p>[vc_row][vc_column width=&#8221;1\/2&#8243;][vc_column_text css=&#8221;&#8221; el_class=&#8221;yk-boxes&#8221;]<\/p>\n<table width=\"181\">\n<tbody>\n<tr>\n<td width=\"181\">Ahmet Melih Karavelio\u011flu<\/td>\n<\/tr>\n<tr>\n<td width=\"181\">Ahmet Ratib<\/td>\n<\/tr>\n<tr>\n<td width=\"181\">Alev Kahveci<\/td>\n<\/tr>\n<tr>\n<td width=\"181\">Ali Ba\u015fman<\/td>\n<\/tr>\n<tr>\n<td width=\"181\">Ali Doratl\u0131<\/td>\n<\/tr>\n<tr>\n<td width=\"181\">Alp Cengiz Alp<\/td>\n<\/tr>\n<tr>\n<td width=\"181\">Aziz Limasollu<\/td>\n<\/tr>\n<tr>\n<td width=\"181\">Eda Kervanl\u0131<\/td>\n<\/tr>\n<tr>\n<td width=\"181\">Emre Olgun<\/td>\n<\/tr>\n<tr>\n<td width=\"181\">Enver \u00c7akarta\u015f<\/td>\n<\/tr>\n<tr>\n<td width=\"181\">Evren G\u00fcnsel Er\u00e7elik<\/td>\n<\/tr>\n<tr>\n<td width=\"181\">Fikri \u015eener<\/td>\n<\/tr>\n<tr>\n<td width=\"181\">G\u00f6ksu Kelebek<\/td>\n<\/tr>\n<tr>\n<td width=\"181\">G\u00fcliz Kaner<\/td>\n<\/tr>\n<tr>\n<td width=\"181\">Hasan Gazio\u011flu<\/td>\n<\/tr>\n<tr>\n<td width=\"181\">Hilmi Can<\/td>\n<\/tr>\n<tr>\n<td width=\"181\">H\u00fcseyin Zeki<\/td>\n<\/tr>\n<tr>\n<td width=\"181\">\u0130brahim \u00d6zcan<\/td>\n<\/tr>\n<tr>\n<td width=\"181\">\u0130zlem Nizam<\/td>\n<\/tr>\n<tr>\n<td width=\"181\">Mazhar Iqbal Choudhry<\/td>\n<\/tr>\n<tr>\n<td width=\"181\">Mehmet A. Kader<\/td>\n<\/tr>\n<tr>\n<td width=\"181\">Mehmet Ba\u015fel<\/td>\n<\/tr>\n<tr>\n<td width=\"181\">Memduh Aybar<\/td>\n<\/tr>\n<tr>\n<td width=\"181\">Muhit \u0130nce<\/td>\n<\/tr>\n<tr>\n<td width=\"181\">Mustafa Erk<\/td>\n<\/tr>\n<tr>\n<td width=\"181\">Mustafa Han\u00e7erli<\/td>\n<\/tr>\n<tr>\n<td width=\"181\">Necat Y\u00fcksel<\/td>\n<\/tr>\n<tr>\n<td width=\"181\">Nilay Nizam Paralik<\/td>\n<\/tr>\n<tr>\n<td width=\"181\">Niyazi \u0130brahim Ziya<\/td>\n<\/tr>\n<tr>\n<td width=\"181\">Okyay Sad\u0131ko\u011flu<\/td>\n<\/tr>\n<tr>\n<td width=\"181\">Olgu Af\u015faro\u011flu<\/td>\n<\/tr>\n<tr>\n<td width=\"181\">Oma\u00e7 Cin<\/td>\n<\/tr>\n<tr>\n<td width=\"181\">Orhan \u015eevket<\/td>\n<\/tr>\n<tr>\n<td width=\"181\">Ramazan G\u00fcndo\u011fdu<\/td>\n<\/tr>\n<tr>\n<td width=\"181\">Rauf Denkta\u015f<\/td>\n<\/tr>\n<tr>\n<td width=\"181\">Salih Biren<\/td>\n<\/tr>\n<tr>\n<td width=\"181\">Sava\u015f \u00c7elik<\/td>\n<\/tr>\n<tr>\n<td width=\"181\">\u015eensev Ertan<\/td>\n<\/tr>\n<tr>\n<td width=\"181\">Serhan Kombos<\/td>\n<\/tr>\n<tr>\n<td width=\"181\">T\u00fcge Dolmac\u0131<\/td>\n<\/tr>\n<tr>\n<td width=\"181\">Turgay Deniz<\/td>\n<\/tr>\n<tr>\n<td width=\"181\">Varg\u0131n Varer<\/td>\n<\/tr>\n<tr>\n<td width=\"181\">Yaprak \u00d6zyal\u00e7\u0131n<\/td>\n<\/tr>\n<tr>\n<td width=\"181\">Y\u0131ld\u0131ray Ayan<\/td>\n<\/tr>\n<tr>\n<td width=\"181\">Y\u00fcksel Akay<\/td>\n<\/tr>\n<tr>\n<td width=\"181\">Yusuf Acemo\u011flu<\/td>\n<\/tr>\n<tr>\n<td width=\"181\">Zeynel Abidin Arar<\/td>\n<\/tr>\n<\/tbody>\n<\/table>\n<p>[\/vc_column_text][\/vc_column][vc_column width=&#8221;1\/2&#8243;][vc_column_text el_class=&#8221;yk-boxes&#8221;][\/vc_column_text][\/vc_column][\/vc_row][vc_row][vc_column width=&#8221;1\/2&#8243;][vc_column_text el_class=&#8221;yk-boxes&#8221;][\/vc_column_text][\/vc_column][vc_column width=&#8221;1\/2&#8243;][vc_column_text el_class=&#8221;yk-boxes&#8221;][\/vc_column_text][\/vc_column][\/vc_row][vc_row][vc_column width=&#8221;1\/2&#8243;][vc_column_text el_class=&#8221;yk-boxes&#8221;][\/vc_column_text][\/vc_column][vc_column width=&#8221;1\/2&#8243;][vc_column_text el_class=&#8221;yk-boxes&#8221;][\/vc_column_text][\/vc_column][\/vc_row][vc_row][vc_column width=&#8221;1\/2&#8243;][vc_column_text el_class=&#8221;yk-boxes&#8221;]<\/p>\n<h4><\/h4>\n<p>[\/vc_column_text][\/vc_column][vc_column width=&#8221;1\/2&#8243;][vc_column_text el_class=&#8221;yk-boxes&#8221;][\/vc_column_text][\/vc_column][\/vc_row][vc_row][vc_column width=&#8221;1\/2&#8243;][vc_column_text el_class=&#8221;yk-boxes&#8221;]<\/p>\n<h4><\/h4>\n<p>[\/vc_column_text][\/vc_column][vc_column width=&#8221;1\/2&#8243;][vc_column_text el_class=&#8221;yk-boxes&#8221;][\/vc_column_text][\/vc_column][\/vc_row][vc_row][vc_column width=&#8221;1\/2&#8243;][vc_column_text el_class=&#8221;yk-boxes&#8221;][\/vc_column_text][\/vc_column][vc_column width=&#8221;1\/2&#8243;][vc_column_text el_class=&#8221;yk-boxes&#8221;][\/vc_column_text][\/vc_column][\/vc_row][vc_row][vc_column width=&#8221;1\/2&#8243;][vc_column_text el_class=&#8221;yk-boxes&#8221;]<\/p>\n<h4><\/h4>\n<p>[\/vc_column_text][\/vc_column][vc_column width=&#8221;1\/2&#8243;][vc_column_text el_class=&#8221;yk-boxes&#8221;]<\/p>\n<h4><\/h4>\n<h4><\/h4>\n<p>[\/vc_column_text][\/vc_column][\/vc_row]<\/p>\n<\/div>","protected":false},"excerpt":{"rendered":"<p>[vc_row][vc_column width=&#8221;1\/2&#8243;][vc_column_text css=&#8221;&#8221; el_class=&#8221;yk-boxes&#8221;] Ahmet Melih Karavelio\u011flu Ahmet Ratib Alev Kahveci Ali Ba\u015fman Ali Doratl\u0131 Alp Cengiz Alp Aziz Limasollu Eda Kervanl\u0131 Emre Olgun Enver \u00c7akarta\u015f Evren G\u00fcnsel Er\u00e7elik Fikri \u015eener G\u00f6ksu Kelebek G\u00fcliz Kaner Hasan Gazio\u011flu Hilmi Can H\u00fcseyin Zeki \u0130brahim \u00d6zcan \u0130zlem Nizam Mazhar Iqbal Choudhry Mehmet A. Kader Mehmet Ba\u015fel Memduh Aybar [&hellip;]<\/p>\n","protected":false},"author":1,"featured_media":0,"parent":0,"menu_order":0,"comment_status":"open","ping_status":"open","template":"","meta":{"om_disable_all_campaigns":false,"_monsterinsights_skip_tracking":false,"_monsterinsights_sitenote_active":false,"_monsterinsights_sitenote_note":"","_monsterinsights_sitenote_category":0,"footnotes":""},"class_list":["post-945","page","type-page","status-publish","hentry"],"yoast_head":"<!-- This site is optimized with the Yoast SEO plugin v27.5 - https:\/\/yoast.com\/product\/yoast-seo-wordpress\/ -->\n<title>Chamber Assembly - Ticaret Odas\u0131<\/title>\n<meta name=\"robots\" content=\"index, follow, max-snippet:-1, max-image-preview:large, max-video-preview:-1\" \/>\n<link rel=\"canonical\" href=\"https:\/\/www.ktto.net\/en\/council-room\/\" \/>\n<meta property=\"og:locale\" content=\"en_US\" \/>\n<meta property=\"og:type\" content=\"article\" \/>\n<meta property=\"og:title\" content=\"Chamber Assembly - Ticaret Odas\u0131\" \/>\n<meta property=\"og:description\" content=\"[vc_row][vc_column width=&#8221;1\/2&#8243;][vc_column_text css=&#8221;&#8221; el_class=&#8221;yk-boxes&#8221;] Ahmet Melih Karavelio\u011flu Ahmet Ratib Alev Kahveci Ali Ba\u015fman Ali Doratl\u0131 Alp Cengiz Alp Aziz Limasollu Eda Kervanl\u0131 Emre Olgun Enver \u00c7akarta\u015f Evren G\u00fcnsel Er\u00e7elik Fikri \u015eener G\u00f6ksu Kelebek G\u00fcliz Kaner Hasan Gazio\u011flu Hilmi Can H\u00fcseyin Zeki \u0130brahim \u00d6zcan \u0130zlem Nizam Mazhar Iqbal Choudhry Mehmet A. Kader Mehmet Ba\u015fel Memduh Aybar [&hellip;]\" \/>\n<meta property=\"og:url\" content=\"https:\/\/www.ktto.net\/en\/council-room\/\" \/>\n<meta property=\"og:site_name\" content=\"Ticaret Odas\u0131\" \/>\n<meta property=\"article:modified_time\" content=\"2025-03-03T15:12:29+00:00\" \/>\n<meta name=\"twitter:card\" content=\"summary_large_image\" \/>\n<meta name=\"twitter:label1\" content=\"Est. reading time\" \/>\n\t<meta name=\"twitter:data1\" content=\"1 minute\" \/>\n<script type=\"application\/ld+json\" class=\"yoast-schema-graph\">{\"@context\":\"https:\\\/\\\/schema.org\",\"@graph\":[{\"@type\":\"WebPage\",\"@id\":\"https:\\\/\\\/www.ktto.net\\\/en\\\/council-room\\\/\",\"url\":\"https:\\\/\\\/www.ktto.net\\\/en\\\/council-room\\\/\",\"name\":\"Chamber Assembly - Ticaret Odas\u0131\",\"isPartOf\":{\"@id\":\"https:\\\/\\\/www.ktto.net\\\/#website\"},\"datePublished\":\"2014-12-25T12:36:47+00:00\",\"dateModified\":\"2025-03-03T15:12:29+00:00\",\"breadcrumb\":{\"@id\":\"https:\\\/\\\/www.ktto.net\\\/en\\\/council-room\\\/#breadcrumb\"},\"inLanguage\":\"en-US\",\"potentialAction\":[{\"@type\":\"ReadAction\",\"target\":[\"https:\\\/\\\/www.ktto.net\\\/en\\\/council-room\\\/\"]}]},{\"@type\":\"BreadcrumbList\",\"@id\":\"https:\\\/\\\/www.ktto.net\\\/en\\\/council-room\\\/#breadcrumb\",\"itemListElement\":[{\"@type\":\"ListItem\",\"position\":1,\"name\":\"Ana sayfa\",\"item\":\"https:\\\/\\\/www.ktto.net\\\/en\\\/\"},{\"@type\":\"ListItem\",\"position\":2,\"name\":\"Chamber Assembly\"}]},{\"@type\":\"WebSite\",\"@id\":\"https:\\\/\\\/www.ktto.net\\\/#website\",\"url\":\"https:\\\/\\\/www.ktto.net\\\/\",\"name\":\"Ticaret Odas\u0131\",\"description\":\"\",\"potentialAction\":[{\"@type\":\"SearchAction\",\"target\":{\"@type\":\"EntryPoint\",\"urlTemplate\":\"https:\\\/\\\/www.ktto.net\\\/?s={search_term_string}\"},\"query-input\":{\"@type\":\"PropertyValueSpecification\",\"valueRequired\":true,\"valueName\":\"search_term_string\"}}],\"inLanguage\":\"en-US\"}]}<\/script>\n<!-- \/ Yoast SEO plugin. -->","yoast_head_json":{"title":"Chamber Assembly - Ticaret Odas\u0131","robots":{"index":"index","follow":"follow","max-snippet":"max-snippet:-1","max-image-preview":"max-image-preview:large","max-video-preview":"max-video-preview:-1"},"canonical":"https:\/\/www.ktto.net\/en\/council-room\/","og_locale":"en_US","og_type":"article","og_title":"Chamber Assembly - Ticaret Odas\u0131","og_description":"[vc_row][vc_column width=&#8221;1\/2&#8243;][vc_column_text css=&#8221;&#8221; el_class=&#8221;yk-boxes&#8221;] Ahmet Melih Karavelio\u011flu Ahmet Ratib Alev Kahveci Ali Ba\u015fman Ali Doratl\u0131 Alp Cengiz Alp Aziz Limasollu Eda Kervanl\u0131 Emre Olgun Enver \u00c7akarta\u015f Evren G\u00fcnsel Er\u00e7elik Fikri \u015eener G\u00f6ksu Kelebek G\u00fcliz Kaner Hasan Gazio\u011flu Hilmi Can H\u00fcseyin Zeki \u0130brahim \u00d6zcan \u0130zlem Nizam Mazhar Iqbal Choudhry Mehmet A. Kader Mehmet Ba\u015fel Memduh Aybar [&hellip;]","og_url":"https:\/\/www.ktto.net\/en\/council-room\/","og_site_name":"Ticaret Odas\u0131","article_modified_time":"2025-03-03T15:12:29+00:00","twitter_card":"summary_large_image","twitter_misc":{"Est. reading time":"1 minute"},"schema":{"@context":"https:\/\/schema.org","@graph":[{"@type":"WebPage","@id":"https:\/\/www.ktto.net\/en\/council-room\/","url":"https:\/\/www.ktto.net\/en\/council-room\/","name":"Chamber Assembly - Ticaret Odas\u0131","isPartOf":{"@id":"https:\/\/www.ktto.net\/#website"},"datePublished":"2014-12-25T12:36:47+00:00","dateModified":"2025-03-03T15:12:29+00:00","breadcrumb":{"@id":"https:\/\/www.ktto.net\/en\/council-room\/#breadcrumb"},"inLanguage":"en-US","potentialAction":[{"@type":"ReadAction","target":["https:\/\/www.ktto.net\/en\/council-room\/"]}]},{"@type":"BreadcrumbList","@id":"https:\/\/www.ktto.net\/en\/council-room\/#breadcrumb","itemListElement":[{"@type":"ListItem","position":1,"name":"Ana sayfa","item":"https:\/\/www.ktto.net\/en\/"},{"@type":"ListItem","position":2,"name":"Chamber Assembly"}]},{"@type":"WebSite","@id":"https:\/\/www.ktto.net\/#website","url":"https:\/\/www.ktto.net\/","name":"Ticaret Odas\u0131","description":"","potentialAction":[{"@type":"SearchAction","target":{"@type":"EntryPoint","urlTemplate":"https:\/\/www.ktto.net\/?s={search_term_string}"},"query-input":{"@type":"PropertyValueSpecification","valueRequired":true,"valueName":"search_term_string"}}],"inLanguage":"en-US"}]}},"_links":{"self":[{"href":"https:\/\/www.ktto.net\/en\/wp-json\/wp\/v2\/pages\/945","targetHints":{"allow":["GET"]}}],"collection":[{"href":"https:\/\/www.ktto.net\/en\/wp-json\/wp\/v2\/pages"}],"about":[{"href":"https:\/\/www.ktto.net\/en\/wp-json\/wp\/v2\/types\/page"}],"author":[{"embeddable":true,"href":"https:\/\/www.ktto.net\/en\/wp-json\/wp\/v2\/users\/1"}],"replies":[{"embeddable":true,"href":"https:\/\/www.ktto.net\/en\/wp-json\/wp\/v2\/comments?post=945"}],"version-history":[{"count":52,"href":"https:\/\/www.ktto.net\/en\/wp-json\/wp\/v2\/pages\/945\/revisions"}],"predecessor-version":[{"id":69422,"href":"https:\/\/www.ktto.net\/en\/wp-json\/wp\/v2\/pages\/945\/revisions\/69422"}],"wp:attachment":[{"href":"https:\/\/www.ktto.net\/en\/wp-json\/wp\/v2\/media?parent=945"}],"curies":[{"name":"wp","href":"https:\/\/api.w.org\/{rel}","templated":true}]}}