{"id":953,"date":"2014-12-25T15:35:22","date_gmt":"2014-12-25T15:35:22","guid":{"rendered":"http:\/\/ktto.net\/?page_id=953"},"modified":"2014-12-25T15:35:22","modified_gmt":"2014-12-25T15:35:22","slug":"our-former-president","status":"publish","type":"page","link":"https:\/\/www.ktto.net\/en\/our-former-president\/","title":{"rendered":"Our Former President"},"content":{"rendered":"<table class=\"table baskan text-center\">\n<tbody>\n<tr>\n<td><img loading=\"lazy\" decoding=\"async\" class=\"aligncenter size-full wp-image-462\" src=\"http:\/\/ktto.net\/wp-content\/uploads\/2014\/10\/kemalrustem.jpg\" alt=\"kemalrustem\" width=\"125\" height=\"125\" \/><b>Kemal R\u00dcSTEM<br \/>\n(1958-1968)<\/b><\/td>\n<td><img loading=\"lazy\" decoding=\"async\" class=\"aligncenter size-full wp-image-461\" src=\"http:\/\/ktto.net\/wp-content\/uploads\/2014\/10\/aligursoy.jpg\" alt=\"aligursoy\" width=\"125\" height=\"125\" \/><b>Ali G\u00dcRSOY<br \/>\n(1968-1970) (1971-1972)<\/b><\/td>\n<td><img loading=\"lazy\" decoding=\"async\" class=\"aligncenter size-full wp-image-460\" src=\"http:\/\/ktto.net\/wp-content\/uploads\/2014\/10\/ekremferdisabit.jpg\" alt=\"ekremferdisabit\" width=\"125\" height=\"125\" \/><b>Ekrem Ferdi SARPER<br \/>\n(1970-1971)<\/b><\/td>\n<\/tr>\n<tr>\n<td><img loading=\"lazy\" decoding=\"async\" class=\"aligncenter size-full wp-image-459\" src=\"http:\/\/ktto.net\/wp-content\/uploads\/2014\/10\/ahmetrasitmustafa.jpg\" alt=\"ahmetrasitmustafa\" width=\"125\" height=\"125\" \/><b>Ahmet Ra\u015fit MUSTAFA<br \/>\n(1972-1976)<\/b><\/td>\n<td><img loading=\"lazy\" decoding=\"async\" class=\"aligncenter size-full wp-image-458\" src=\"http:\/\/ktto.net\/wp-content\/uploads\/2014\/10\/mehmetcan.jpg\" alt=\"mehmetcan\" width=\"125\" height=\"125\" \/><b>Mehmet CAN<br \/>\n(1976-1978)<\/b><\/td>\n<td><img loading=\"lazy\" decoding=\"async\" class=\"aligncenter size-full wp-image-457\" src=\"http:\/\/ktto.net\/wp-content\/uploads\/2014\/10\/ramizmanyera.jpg\" alt=\"ramizmanyera\" width=\"125\" height=\"125\" \/><b>Ramiz MANYERA<br \/>\n(1978-1979)<\/b><\/td>\n<\/tr>\n<tr>\n<td><img loading=\"lazy\" decoding=\"async\" class=\"aligncenter size-full wp-image-456\" src=\"http:\/\/ktto.net\/wp-content\/uploads\/2014\/10\/mehmetkucuk.jpg\" alt=\"mehmetkucuk\" width=\"125\" height=\"125\" \/><b>Mehmet K\u00dc\u00c7\u00dcK<br \/>\n(1979-1980) (1989-1989)<br \/>\n(24 October-12 December)<\/b><\/td>\n<td><img loading=\"lazy\" decoding=\"async\" class=\"aligncenter size-full wp-image-455\" src=\"http:\/\/ktto.net\/wp-content\/uploads\/2014\/10\/mustafayildirim.jpg\" alt=\"mustafayildirim\" width=\"125\" height=\"125\" \/><b>Mustafa YILDIRIM<br \/>\n(1980-1989)<br \/>\n(17 September-10 October)<\/b><\/td>\n<td><img loading=\"lazy\" decoding=\"async\" class=\"aligncenter size-full wp-image-454\" src=\"http:\/\/ktto.net\/wp-content\/uploads\/2014\/10\/hamzaarman.jpg\" alt=\"hamzaarman\" width=\"125\" height=\"125\" \/><b>Hamza ARMAN<br \/>\n(1989-1991)<br \/>\n(14 December-16 January)<\/b><\/td>\n<\/tr>\n<tr>\n<td><img loading=\"lazy\" decoding=\"async\" class=\"aligncenter size-full wp-image-453\" src=\"http:\/\/ktto.net\/wp-content\/uploads\/2014\/10\/salihboyaci.jpg\" alt=\"salihboyaci\" width=\"125\" height=\"125\" \/><b>Salih BOYACI<br \/>\n(1991-2001)<br \/>\n(14 December-28 April)<\/b><\/td>\n<td><img loading=\"lazy\" decoding=\"async\" class=\"aligncenter size-full wp-image-452\" src=\"http:\/\/ktto.net\/wp-content\/uploads\/2014\/10\/alierel.jpg\" alt=\"alierel\" width=\"125\" height=\"125\" \/><b>Ali EREL<br \/>\n(2001-2005)<br \/>\n(02 May 2001-29 October\u00a02005)<\/b><\/td>\n<td><img loading=\"lazy\" decoding=\"async\" class=\"aligncenter size-full wp-image-451\" src=\"http:\/\/ktto.net\/wp-content\/uploads\/2014\/10\/erdilnami1.jpg\" alt=\"erdilnami1\" width=\"125\" height=\"127\" \/><b>Erdil NAM\u0130<br \/>\n(2005-2007)<br \/>\n(31 October\u00a02005-24 November\u00a02007)<\/b><\/td>\n<\/tr>\n<tr>\n<td><img loading=\"lazy\" decoding=\"async\" class=\"aligncenter size-full wp-image-450\" src=\"http:\/\/ktto.net\/wp-content\/uploads\/2014\/10\/hasanince0001.jpg\" alt=\"hasanince0001\" width=\"125\" height=\"127\" \/><b>Hasan Kutlu \u0130NCE<br \/>\n(2007-2008)<br \/>\n(28 November\u00a02007-08 November\u00a02008)<\/b><\/td>\n<td><img loading=\"lazy\" decoding=\"async\" class=\"aligncenter size-full wp-image-449\" src=\"http:\/\/ktto.net\/wp-content\/uploads\/2014\/10\/suasaracoglu.jpg\" alt=\"suasaracoglu\" width=\"125\" height=\"128\" \/><b>\u015eua SARA\u00c7O\u011eLU<br \/>\n(2008-2009)<br \/>\n(08 November\u00a02008-07 November\u00a02009)<\/b><\/td>\n<td><img loading=\"lazy\" decoding=\"async\" class=\"aligncenter size-full wp-image-448\" src=\"http:\/\/ktto.net\/wp-content\/uploads\/2014\/10\/gunaycerkez.jpg\" alt=\"gunaycerkez\" width=\"125\" height=\"129\" \/><b>G\u00fcnay \u00c7ERKEZ<br \/>\n(2009-2014)<br \/>\n(07 November\u00a02009-22 March 2014)<\/b><\/td>\n<\/tr>\n<\/tbody>\n<\/table>\n","protected":false},"excerpt":{"rendered":"<p>Kemal R\u00dcSTEM (1958-1968) Ali G\u00dcRSOY (1968-1970) (1971-1972) Ekrem Ferdi SARPER (1970-1971) Ahmet Ra\u015fit MUSTAFA (1972-1976) Mehmet CAN (1976-1978) Ramiz MANYERA (1978-1979) Mehmet K\u00dc\u00c7\u00dcK (1979-1980) (1989-1989) (24 October-12 December) Mustafa YILDIRIM (1980-1989) (17 September-10 October) Hamza ARMAN (1989-1991) (14 December-16 January) Salih BOYACI (1991-2001) (14 December-28 April) Ali EREL (2001-2005) (02 May 2001-29 October\u00a02005) Erdil NAM\u0130 [&hellip;]<\/p>\n","protected":false},"author":1,"featured_media":0,"parent":0,"menu_order":0,"comment_status":"open","ping_status":"open","template":"","meta":{"om_disable_all_campaigns":false,"_monsterinsights_skip_tracking":false,"_monsterinsights_sitenote_active":false,"_monsterinsights_sitenote_note":"","_monsterinsights_sitenote_category":0,"footnotes":""},"class_list":["post-953","page","type-page","status-publish","hentry"],"yoast_head":"<!-- This site is optimized with the Yoast SEO plugin v27.4 - https:\/\/yoast.com\/product\/yoast-seo-wordpress\/ -->\n<title>Our Former President - Ticaret Odas\u0131<\/title>\n<meta name=\"robots\" content=\"index, follow, max-snippet:-1, max-image-preview:large, max-video-preview:-1\" \/>\n<link rel=\"canonical\" href=\"https:\/\/www.ktto.net\/en\/our-former-president\/\" \/>\n<meta property=\"og:locale\" content=\"en_US\" \/>\n<meta property=\"og:type\" content=\"article\" \/>\n<meta property=\"og:title\" content=\"Our Former President - Ticaret Odas\u0131\" \/>\n<meta property=\"og:description\" content=\"Kemal R\u00dcSTEM (1958-1968) Ali G\u00dcRSOY (1968-1970) (1971-1972) Ekrem Ferdi SARPER (1970-1971) Ahmet Ra\u015fit MUSTAFA (1972-1976) Mehmet CAN (1976-1978) Ramiz MANYERA (1978-1979) Mehmet K\u00dc\u00c7\u00dcK (1979-1980) (1989-1989) (24 October-12 December) Mustafa YILDIRIM (1980-1989) (17 September-10 October) Hamza ARMAN (1989-1991) (14 December-16 January) Salih BOYACI (1991-2001) (14 December-28 April) Ali EREL (2001-2005) (02 May 2001-29 October\u00a02005) Erdil NAM\u0130 [&hellip;]\" \/>\n<meta property=\"og:url\" content=\"https:\/\/www.ktto.net\/en\/our-former-president\/\" \/>\n<meta property=\"og:site_name\" content=\"Ticaret Odas\u0131\" \/>\n<meta property=\"og:image\" content=\"https:\/\/www.ktto.net\/wp-content\/uploads\/2014\/10\/kemalrustem.jpg\" \/>\n\t<meta property=\"og:image:width\" content=\"125\" \/>\n\t<meta property=\"og:image:height\" content=\"125\" \/>\n\t<meta property=\"og:image:type\" content=\"image\/jpeg\" \/>\n<meta name=\"twitter:card\" content=\"summary_large_image\" \/>\n<script type=\"application\/ld+json\" class=\"yoast-schema-graph\">{\"@context\":\"https:\\\/\\\/schema.org\",\"@graph\":[{\"@type\":\"WebPage\",\"@id\":\"https:\\\/\\\/www.ktto.net\\\/en\\\/our-former-president\\\/\",\"url\":\"https:\\\/\\\/www.ktto.net\\\/en\\\/our-former-president\\\/\",\"name\":\"Our Former President - Ticaret Odas\u0131\",\"isPartOf\":{\"@id\":\"https:\\\/\\\/www.ktto.net\\\/#website\"},\"primaryImageOfPage\":{\"@id\":\"https:\\\/\\\/www.ktto.net\\\/en\\\/our-former-president\\\/#primaryimage\"},\"image\":{\"@id\":\"https:\\\/\\\/www.ktto.net\\\/en\\\/our-former-president\\\/#primaryimage\"},\"thumbnailUrl\":\"http:\\\/\\\/ktto.net\\\/wp-content\\\/uploads\\\/2014\\\/10\\\/kemalrustem.jpg\",\"datePublished\":\"2014-12-25T15:35:22+00:00\",\"breadcrumb\":{\"@id\":\"https:\\\/\\\/www.ktto.net\\\/en\\\/our-former-president\\\/#breadcrumb\"},\"inLanguage\":\"en-US\",\"potentialAction\":[{\"@type\":\"ReadAction\",\"target\":[\"https:\\\/\\\/www.ktto.net\\\/en\\\/our-former-president\\\/\"]}]},{\"@type\":\"ImageObject\",\"inLanguage\":\"en-US\",\"@id\":\"https:\\\/\\\/www.ktto.net\\\/en\\\/our-former-president\\\/#primaryimage\",\"url\":\"http:\\\/\\\/ktto.net\\\/wp-content\\\/uploads\\\/2014\\\/10\\\/kemalrustem.jpg\",\"contentUrl\":\"http:\\\/\\\/ktto.net\\\/wp-content\\\/uploads\\\/2014\\\/10\\\/kemalrustem.jpg\"},{\"@type\":\"BreadcrumbList\",\"@id\":\"https:\\\/\\\/www.ktto.net\\\/en\\\/our-former-president\\\/#breadcrumb\",\"itemListElement\":[{\"@type\":\"ListItem\",\"position\":1,\"name\":\"Ana sayfa\",\"item\":\"https:\\\/\\\/www.ktto.net\\\/en\\\/\"},{\"@type\":\"ListItem\",\"position\":2,\"name\":\"Our Former President\"}]},{\"@type\":\"WebSite\",\"@id\":\"https:\\\/\\\/www.ktto.net\\\/#website\",\"url\":\"https:\\\/\\\/www.ktto.net\\\/\",\"name\":\"Ticaret Odas\u0131\",\"description\":\"\",\"potentialAction\":[{\"@type\":\"SearchAction\",\"target\":{\"@type\":\"EntryPoint\",\"urlTemplate\":\"https:\\\/\\\/www.ktto.net\\\/?s={search_term_string}\"},\"query-input\":{\"@type\":\"PropertyValueSpecification\",\"valueRequired\":true,\"valueName\":\"search_term_string\"}}],\"inLanguage\":\"en-US\"}]}<\/script>\n<!-- \/ Yoast SEO plugin. -->","yoast_head_json":{"title":"Our Former President - Ticaret Odas\u0131","robots":{"index":"index","follow":"follow","max-snippet":"max-snippet:-1","max-image-preview":"max-image-preview:large","max-video-preview":"max-video-preview:-1"},"canonical":"https:\/\/www.ktto.net\/en\/our-former-president\/","og_locale":"en_US","og_type":"article","og_title":"Our Former President - Ticaret Odas\u0131","og_description":"Kemal R\u00dcSTEM (1958-1968) Ali G\u00dcRSOY (1968-1970) (1971-1972) Ekrem Ferdi SARPER (1970-1971) Ahmet Ra\u015fit MUSTAFA (1972-1976) Mehmet CAN (1976-1978) Ramiz MANYERA (1978-1979) Mehmet K\u00dc\u00c7\u00dcK (1979-1980) (1989-1989) (24 October-12 December) Mustafa YILDIRIM (1980-1989) (17 September-10 October) Hamza ARMAN (1989-1991) (14 December-16 January) Salih BOYACI (1991-2001) (14 December-28 April) Ali EREL (2001-2005) (02 May 2001-29 October\u00a02005) Erdil NAM\u0130 [&hellip;]","og_url":"https:\/\/www.ktto.net\/en\/our-former-president\/","og_site_name":"Ticaret Odas\u0131","og_image":[{"width":125,"height":125,"url":"https:\/\/www.ktto.net\/wp-content\/uploads\/2014\/10\/kemalrustem.jpg","type":"image\/jpeg"}],"twitter_card":"summary_large_image","schema":{"@context":"https:\/\/schema.org","@graph":[{"@type":"WebPage","@id":"https:\/\/www.ktto.net\/en\/our-former-president\/","url":"https:\/\/www.ktto.net\/en\/our-former-president\/","name":"Our Former President - Ticaret Odas\u0131","isPartOf":{"@id":"https:\/\/www.ktto.net\/#website"},"primaryImageOfPage":{"@id":"https:\/\/www.ktto.net\/en\/our-former-president\/#primaryimage"},"image":{"@id":"https:\/\/www.ktto.net\/en\/our-former-president\/#primaryimage"},"thumbnailUrl":"http:\/\/ktto.net\/wp-content\/uploads\/2014\/10\/kemalrustem.jpg","datePublished":"2014-12-25T15:35:22+00:00","breadcrumb":{"@id":"https:\/\/www.ktto.net\/en\/our-former-president\/#breadcrumb"},"inLanguage":"en-US","potentialAction":[{"@type":"ReadAction","target":["https:\/\/www.ktto.net\/en\/our-former-president\/"]}]},{"@type":"ImageObject","inLanguage":"en-US","@id":"https:\/\/www.ktto.net\/en\/our-former-president\/#primaryimage","url":"http:\/\/ktto.net\/wp-content\/uploads\/2014\/10\/kemalrustem.jpg","contentUrl":"http:\/\/ktto.net\/wp-content\/uploads\/2014\/10\/kemalrustem.jpg"},{"@type":"BreadcrumbList","@id":"https:\/\/www.ktto.net\/en\/our-former-president\/#breadcrumb","itemListElement":[{"@type":"ListItem","position":1,"name":"Ana sayfa","item":"https:\/\/www.ktto.net\/en\/"},{"@type":"ListItem","position":2,"name":"Our Former President"}]},{"@type":"WebSite","@id":"https:\/\/www.ktto.net\/#website","url":"https:\/\/www.ktto.net\/","name":"Ticaret Odas\u0131","description":"","potentialAction":[{"@type":"SearchAction","target":{"@type":"EntryPoint","urlTemplate":"https:\/\/www.ktto.net\/?s={search_term_string}"},"query-input":{"@type":"PropertyValueSpecification","valueRequired":true,"valueName":"search_term_string"}}],"inLanguage":"en-US"}]}},"_links":{"self":[{"href":"https:\/\/www.ktto.net\/en\/wp-json\/wp\/v2\/pages\/953","targetHints":{"allow":["GET"]}}],"collection":[{"href":"https:\/\/www.ktto.net\/en\/wp-json\/wp\/v2\/pages"}],"about":[{"href":"https:\/\/www.ktto.net\/en\/wp-json\/wp\/v2\/types\/page"}],"author":[{"embeddable":true,"href":"https:\/\/www.ktto.net\/en\/wp-json\/wp\/v2\/users\/1"}],"replies":[{"embeddable":true,"href":"https:\/\/www.ktto.net\/en\/wp-json\/wp\/v2\/comments?post=953"}],"version-history":[{"count":1,"href":"https:\/\/www.ktto.net\/en\/wp-json\/wp\/v2\/pages\/953\/revisions"}],"predecessor-version":[{"id":954,"href":"https:\/\/www.ktto.net\/en\/wp-json\/wp\/v2\/pages\/953\/revisions\/954"}],"wp:attachment":[{"href":"https:\/\/www.ktto.net\/en\/wp-json\/wp\/v2\/media?parent=953"}],"curies":[{"name":"wp","href":"https:\/\/api.w.org\/{rel}","templated":true}]}}