{"id":998,"date":"2014-12-26T08:32:18","date_gmt":"2014-12-26T08:32:18","guid":{"rendered":"http:\/\/ktto.net\/?page_id=998"},"modified":"2014-12-26T08:32:18","modified_gmt":"2014-12-26T08:32:18","slug":"green-line-trade-application-form","status":"publish","type":"page","link":"https:\/\/www.ktto.net\/en\/green-line-trade-application-form\/","title":{"rendered":"Green Line Trade Application Form"},"content":{"rendered":"<p>YE\u015e\u0130L HAT T\u00dcZ\u00dc\u011e\u00dc KAPSAMINDA G\u00dcNEY KIBRIS\u2019A SATI\u015e KO\u015eULLARI Ye\u015fil Hat T\u00fcz\u00fc\u011f\u00fc uyar\u0131nca Kuzey K\u0131br\u0131s\u2019ta \u00fcretilen \u00fcr\u00fcnlerin g\u00fcney K\u0131br\u0131s\u2019a sat\u0131\u015f\u0131 K\u0131br\u0131s T\u00fcrk Ticaret Odas\u0131\u2019n\u0131n verece\u011fi Refakat Belgesi (Accompanying Document) beraberinde m\u00fcmk\u00fcn olmaktad\u0131r. S\u00f6zkonusu \u00fcr\u00fcnlerin Refakat Belgesi alabilmeleri i\u00e7in; 1 &#8211; tamamen Kuzey K\u0131br\u0131s\u2019ta yeti\u015ftirilmeleri (her t\u00fcrl\u00fc sebze, meyve, ta\u015f, maden vs. gibi) veya, 2 &#8211; hammaddesinin yurtd\u0131\u015f\u0131ndan gelmesi durumunda ise Kuzey K\u0131br\u0131s\u2019ta i\u015fleme tabi tutularak ve yeterli katk\u0131 sa\u011flanarak yeni bir \u00fcr\u00fcn elde edilmesi gerekmektedir. \u0130kinci madde kapsam\u0131 \u00fcr\u00fcnler s\u00f6zkonusu oldu\u011funda; e\u011fer iki veya daha fazla \u00fclke bir \u00fcr\u00fcn\u00fcn olu\u015fturulabilmesi s\u00fcrecine katk\u0131da bulunuyorsa en son, en \u00f6nemli, ekonomik olarak desteklenen olu\u015fum s\u00fcreci olu\u015fmu\u015f ise; veya bu ama\u00e7 i\u00e7in donat\u0131lm\u0131\u015f bir giri\u015fime tabi tutulmu\u015f ve sonu\u00e7 olarak da yeni bir \u00fcr\u00fcn\u00fcn imali veya bu \u00fcr\u00fcn\u00fcn imalat\u0131nda \u00e7ok \u00f6nemli bir rol oynayan bir a\u015fama s\u00f6z konusu ise bu a\u015famalar \u00fcr\u00fcn\u00fcn men\u015feini tespit etmekte belirleyici olacakt\u0131r. Yukar\u0131da belirtilen men\u015fe tesbit kurallar\u0131 genel kurallard\u0131r. Ba\u015fta tekstil \u00fcr\u00fcnleri olmak \u00fczere, baz\u0131 \u00fcr\u00fcnlerin men\u015fe tesbitinde uygulanacak istisnai kriterler mevcuttur. \u0130thal hammaddeye yap\u0131lacak a\u015fa\u011f\u0131daki uygulamalar refakat belgesi almaya yeterli de\u011fildir; a. \u00fcr\u00fcn\u00fcn nakliye veya muhafaza an\u0131nda korunmas\u0131na y\u00f6nelik uygulamalar (havaland\u0131rma, ay\u0131rma, kurutma, hasarl\u0131 \u00fcr\u00fcnlerin ayr\u0131lmas\u0131 vb.) b. tozlar\u0131n al\u0131nmas\u0131, elenmesi, d\u00fczenlenmesi, e\u015fle\u015ftirilmesi, birle\u015ftirilmesi gibi basit i\u015flemler, y\u0131kanmas\u0131, kesilmesi. c. Yeniden paketleme, par\u00e7alara ay\u0131rma; torba, kasa, kutu vs. ile paketleme ve bunun gibi paketleme i\u015flemleri, d. Marka, etiket ve bunun gibi ay\u0131ra\u00e7lar\u0131n \u00fcr\u00fcn veya paketler \u00fczerine konmas\u0131, e. Ayr\u0131 ayr\u0131 ithal edilen par\u00e7alar\u0131n yeni bir \u00fcr\u00fcn olu\u015fturacak \u015fekilde birle\u015ftirilmesi, f. Bu bahsi ge\u00e7en i\u015flemlerden bir veya birka\u00e7\u0131n\u0131n yap\u0131lmas\u0131. Bu kurallara uysa dahi, g\u00fcney K\u0131br\u0131s\u2019a Ye\u015fil Hat T\u00fcz\u00fc\u011f\u00fc kapsam\u0131nda sat\u0131\u015f\u0131 yap\u0131lamayacak istisnai \u00fcr\u00fcnler \u015funlard\u0131r; Canl\u0131 hayvan ve hayvansal \u00fcr\u00fcnler (bal\u0131k hari\u00e7), s\u00fct \u00fcr\u00fcnleri T\u00fcrkiye\u2019den gelen veya T\u00fcrkiye men\u015feli f\u0131st\u0131k, f\u0131nd\u0131k ve bunlar\u0131 ihtiva eden \u00fcr\u00fcnler Ekilmek \u00fczere g\u00f6nderilen canl\u0131 bitkiler. Ye\u015fil Hat T\u00fcz\u00fc\u011f\u00fc kapsam\u0131nda yukar\u0131daki ko\u015fullar \u00e7er\u00e7evesinde \u2018ticari mal\u2019 sat\u0131\u015f\u0131n\u0131n yan\u0131s\u0131ra, 18 Haziran 2008\u2019de yap\u0131lan T\u00fcz\u00fck de\u011fi\u015fikli\u011fi uyar\u0131nca a\u015fa\u011f\u0131daki e\u015fyalar ge\u00e7ici olarak olarak G\u00fcney K\u0131br\u0131s\u2019a ge\u00e7irilebilir; Hat\u2019t\u0131 ge\u00e7en ki\u015filerin seyahatleri i\u00e7in makul bir gereklilik arz eden ki\u015fisel e\u015fyalar ve spor ekipmanlar\u0131 Nakliye vas\u0131talar\u0131 Mesleki ekipmanlar Tamir edilme amac\u0131 ile ge\u00e7irilecek e\u015fyalar Te\u015fhir ama\u00e7l\u0131 (sergi, fuar gibi organizasyonlarda kullan\u0131lmak \u00fczere) e\u015fyalar Ge\u00e7i\u015fte beyan edilecek ama\u00e7 dahilinde yukar\u0131da belirtilen e\u015fyalar G\u00fcney K\u0131br\u0131s\u2019ta en fazla 6 (alt\u0131) ay kalabilir. Not: Ye\u015fil Hat \u00fczerinden ki\u015filerin kendi t\u00fcketimleri i\u00e7in, beraberinde g\u00f6t\u00fcrecekleri ticari olmayan maksimum 260,00 EURO de\u011ferindeki \u00fcr\u00fcnler ve 1 lt. Alkoll\u00fc i\u00e7ki ile 40 adet (2 paket) sigara i\u00e7in vergi muafiyeti vard\u0131r. S\u00f6zkonusu \u00fcr\u00fcnler i\u00e7in refakat belgesi al\u0131nmas\u0131na gerek yoktur. &#8216;D\u0131\u015f Ticareti D\u00fczenleme ve Denetleme Yasas\u0131&#8217; alt\u0131nda G\u00fcney K\u0131br\u0131s&#8217;tan Kuzey K\u0131br\u0131s&#8217;a sat\u0131\u015f yap\u0131labilmesi ko\u015fullar\u0131<\/p>\n","protected":false},"excerpt":{"rendered":"<p>YE\u015e\u0130L HAT T\u00dcZ\u00dc\u011e\u00dc KAPSAMINDA G\u00dcNEY KIBRIS\u2019A SATI\u015e KO\u015eULLARI Ye\u015fil Hat T\u00fcz\u00fc\u011f\u00fc uyar\u0131nca Kuzey K\u0131br\u0131s\u2019ta \u00fcretilen \u00fcr\u00fcnlerin g\u00fcney K\u0131br\u0131s\u2019a sat\u0131\u015f\u0131 K\u0131br\u0131s T\u00fcrk Ticaret Odas\u0131\u2019n\u0131n verece\u011fi Refakat Belgesi (Accompanying Document) beraberinde m\u00fcmk\u00fcn olmaktad\u0131r. S\u00f6zkonusu \u00fcr\u00fcnlerin Refakat Belgesi alabilmeleri i\u00e7in; 1 &#8211; tamamen Kuzey K\u0131br\u0131s\u2019ta yeti\u015ftirilmeleri (her t\u00fcrl\u00fc sebze, meyve, ta\u015f, maden vs. gibi) veya, 2 &#8211; hammaddesinin [&hellip;]<\/p>\n","protected":false},"author":1,"featured_media":0,"parent":0,"menu_order":0,"comment_status":"open","ping_status":"open","template":"","meta":{"om_disable_all_campaigns":false,"_monsterinsights_skip_tracking":false,"_monsterinsights_sitenote_active":false,"_monsterinsights_sitenote_note":"","_monsterinsights_sitenote_category":0,"footnotes":""},"class_list":["post-998","page","type-page","status-publish","hentry"],"yoast_head":"<!-- This site is optimized with the Yoast SEO plugin v27.3 - https:\/\/yoast.com\/product\/yoast-seo-wordpress\/ -->\n<title>Green Line Trade Application Form - Ticaret Odas\u0131<\/title>\n<meta name=\"robots\" content=\"index, follow, max-snippet:-1, max-image-preview:large, max-video-preview:-1\" \/>\n<link rel=\"canonical\" href=\"https:\/\/www.ktto.net\/en\/green-line-trade-application-form\/\" \/>\n<meta property=\"og:locale\" content=\"en_US\" \/>\n<meta property=\"og:type\" content=\"article\" \/>\n<meta property=\"og:title\" content=\"Green Line Trade Application Form - Ticaret Odas\u0131\" \/>\n<meta property=\"og:description\" content=\"YE\u015e\u0130L HAT T\u00dcZ\u00dc\u011e\u00dc KAPSAMINDA G\u00dcNEY KIBRIS\u2019A SATI\u015e KO\u015eULLARI Ye\u015fil Hat T\u00fcz\u00fc\u011f\u00fc uyar\u0131nca Kuzey K\u0131br\u0131s\u2019ta \u00fcretilen \u00fcr\u00fcnlerin g\u00fcney K\u0131br\u0131s\u2019a sat\u0131\u015f\u0131 K\u0131br\u0131s T\u00fcrk Ticaret Odas\u0131\u2019n\u0131n verece\u011fi Refakat Belgesi (Accompanying Document) beraberinde m\u00fcmk\u00fcn olmaktad\u0131r. S\u00f6zkonusu \u00fcr\u00fcnlerin Refakat Belgesi alabilmeleri i\u00e7in; 1 &#8211; tamamen Kuzey K\u0131br\u0131s\u2019ta yeti\u015ftirilmeleri (her t\u00fcrl\u00fc sebze, meyve, ta\u015f, maden vs. gibi) veya, 2 &#8211; hammaddesinin [&hellip;]\" \/>\n<meta property=\"og:url\" content=\"https:\/\/www.ktto.net\/en\/green-line-trade-application-form\/\" \/>\n<meta property=\"og:site_name\" content=\"Ticaret Odas\u0131\" \/>\n<meta name=\"twitter:card\" content=\"summary_large_image\" \/>\n<meta name=\"twitter:label1\" content=\"Est. reading time\" \/>\n\t<meta name=\"twitter:data1\" content=\"3 minutes\" \/>\n<script type=\"application\/ld+json\" class=\"yoast-schema-graph\">{\"@context\":\"https:\\\/\\\/schema.org\",\"@graph\":[{\"@type\":\"WebPage\",\"@id\":\"https:\\\/\\\/www.ktto.net\\\/en\\\/green-line-trade-application-form\\\/\",\"url\":\"https:\\\/\\\/www.ktto.net\\\/en\\\/green-line-trade-application-form\\\/\",\"name\":\"Green Line Trade Application Form - Ticaret Odas\u0131\",\"isPartOf\":{\"@id\":\"https:\\\/\\\/www.ktto.net\\\/#website\"},\"datePublished\":\"2014-12-26T08:32:18+00:00\",\"breadcrumb\":{\"@id\":\"https:\\\/\\\/www.ktto.net\\\/en\\\/green-line-trade-application-form\\\/#breadcrumb\"},\"inLanguage\":\"en-US\",\"potentialAction\":[{\"@type\":\"ReadAction\",\"target\":[\"https:\\\/\\\/www.ktto.net\\\/en\\\/green-line-trade-application-form\\\/\"]}]},{\"@type\":\"BreadcrumbList\",\"@id\":\"https:\\\/\\\/www.ktto.net\\\/en\\\/green-line-trade-application-form\\\/#breadcrumb\",\"itemListElement\":[{\"@type\":\"ListItem\",\"position\":1,\"name\":\"Ana sayfa\",\"item\":\"https:\\\/\\\/www.ktto.net\\\/en\\\/\"},{\"@type\":\"ListItem\",\"position\":2,\"name\":\"Green Line Trade Application Form\"}]},{\"@type\":\"WebSite\",\"@id\":\"https:\\\/\\\/www.ktto.net\\\/#website\",\"url\":\"https:\\\/\\\/www.ktto.net\\\/\",\"name\":\"Ticaret Odas\u0131\",\"description\":\"\",\"potentialAction\":[{\"@type\":\"SearchAction\",\"target\":{\"@type\":\"EntryPoint\",\"urlTemplate\":\"https:\\\/\\\/www.ktto.net\\\/?s={search_term_string}\"},\"query-input\":{\"@type\":\"PropertyValueSpecification\",\"valueRequired\":true,\"valueName\":\"search_term_string\"}}],\"inLanguage\":\"en-US\"}]}<\/script>\n<!-- \/ Yoast SEO plugin. -->","yoast_head_json":{"title":"Green Line Trade Application Form - Ticaret Odas\u0131","robots":{"index":"index","follow":"follow","max-snippet":"max-snippet:-1","max-image-preview":"max-image-preview:large","max-video-preview":"max-video-preview:-1"},"canonical":"https:\/\/www.ktto.net\/en\/green-line-trade-application-form\/","og_locale":"en_US","og_type":"article","og_title":"Green Line Trade Application Form - Ticaret Odas\u0131","og_description":"YE\u015e\u0130L HAT T\u00dcZ\u00dc\u011e\u00dc KAPSAMINDA G\u00dcNEY KIBRIS\u2019A SATI\u015e KO\u015eULLARI Ye\u015fil Hat T\u00fcz\u00fc\u011f\u00fc uyar\u0131nca Kuzey K\u0131br\u0131s\u2019ta \u00fcretilen \u00fcr\u00fcnlerin g\u00fcney K\u0131br\u0131s\u2019a sat\u0131\u015f\u0131 K\u0131br\u0131s T\u00fcrk Ticaret Odas\u0131\u2019n\u0131n verece\u011fi Refakat Belgesi (Accompanying Document) beraberinde m\u00fcmk\u00fcn olmaktad\u0131r. S\u00f6zkonusu \u00fcr\u00fcnlerin Refakat Belgesi alabilmeleri i\u00e7in; 1 &#8211; tamamen Kuzey K\u0131br\u0131s\u2019ta yeti\u015ftirilmeleri (her t\u00fcrl\u00fc sebze, meyve, ta\u015f, maden vs. gibi) veya, 2 &#8211; hammaddesinin [&hellip;]","og_url":"https:\/\/www.ktto.net\/en\/green-line-trade-application-form\/","og_site_name":"Ticaret Odas\u0131","twitter_card":"summary_large_image","twitter_misc":{"Est. reading time":"3 minutes"},"schema":{"@context":"https:\/\/schema.org","@graph":[{"@type":"WebPage","@id":"https:\/\/www.ktto.net\/en\/green-line-trade-application-form\/","url":"https:\/\/www.ktto.net\/en\/green-line-trade-application-form\/","name":"Green Line Trade Application Form - Ticaret Odas\u0131","isPartOf":{"@id":"https:\/\/www.ktto.net\/#website"},"datePublished":"2014-12-26T08:32:18+00:00","breadcrumb":{"@id":"https:\/\/www.ktto.net\/en\/green-line-trade-application-form\/#breadcrumb"},"inLanguage":"en-US","potentialAction":[{"@type":"ReadAction","target":["https:\/\/www.ktto.net\/en\/green-line-trade-application-form\/"]}]},{"@type":"BreadcrumbList","@id":"https:\/\/www.ktto.net\/en\/green-line-trade-application-form\/#breadcrumb","itemListElement":[{"@type":"ListItem","position":1,"name":"Ana sayfa","item":"https:\/\/www.ktto.net\/en\/"},{"@type":"ListItem","position":2,"name":"Green Line Trade Application Form"}]},{"@type":"WebSite","@id":"https:\/\/www.ktto.net\/#website","url":"https:\/\/www.ktto.net\/","name":"Ticaret Odas\u0131","description":"","potentialAction":[{"@type":"SearchAction","target":{"@type":"EntryPoint","urlTemplate":"https:\/\/www.ktto.net\/?s={search_term_string}"},"query-input":{"@type":"PropertyValueSpecification","valueRequired":true,"valueName":"search_term_string"}}],"inLanguage":"en-US"}]}},"_links":{"self":[{"href":"https:\/\/www.ktto.net\/en\/wp-json\/wp\/v2\/pages\/998","targetHints":{"allow":["GET"]}}],"collection":[{"href":"https:\/\/www.ktto.net\/en\/wp-json\/wp\/v2\/pages"}],"about":[{"href":"https:\/\/www.ktto.net\/en\/wp-json\/wp\/v2\/types\/page"}],"author":[{"embeddable":true,"href":"https:\/\/www.ktto.net\/en\/wp-json\/wp\/v2\/users\/1"}],"replies":[{"embeddable":true,"href":"https:\/\/www.ktto.net\/en\/wp-json\/wp\/v2\/comments?post=998"}],"version-history":[{"count":1,"href":"https:\/\/www.ktto.net\/en\/wp-json\/wp\/v2\/pages\/998\/revisions"}],"predecessor-version":[{"id":1008,"href":"https:\/\/www.ktto.net\/en\/wp-json\/wp\/v2\/pages\/998\/revisions\/1008"}],"wp:attachment":[{"href":"https:\/\/www.ktto.net\/en\/wp-json\/wp\/v2\/media?parent=998"}],"curies":[{"name":"wp","href":"https:\/\/api.w.org\/{rel}","templated":true}]}}