{"id":6513,"date":"2015-12-28T13:35:03","date_gmt":"2015-12-28T13:35:03","guid":{"rendered":"http:\/\/ktto.net\/ru\/?page_id=6513"},"modified":"2023-09-15T12:01:21","modified_gmt":"2023-09-15T09:01:21","slug":"%d0%b3%d0%bb%d0%b0%d0%b2%d0%bd%d0%b0%d1%8f","status":"publish","type":"page","link":"https:\/\/www.ktto.net\/ru\/","title":{"rendered":"\u0414\u041e\u041c\u0410\u0428\u041d\u042f\u042f \u0421\u0422\u0420\u0410\u041d\u0418\u0426\u0410"},"content":{"rendered":"<div class=\"wpb-content-wrapper\"><p>[vc_row][vc_column width=&#187;1\/2&#8243;][vc_column_text el_class=&#187;hide&#187;]<\/p>\n<h3>\u0424\u043e\u0442\u043e\u0433\u0440\u0430\u0444\u0438\u0438<\/h3>\n\n\t\t<style type=\"text\/css\">\n\t\t\t#gallery-1 {\n\t\t\t\tmargin: auto;\n\t\t\t}\n\t\t\t#gallery-1 .gallery-item {\n\t\t\t\tfloat: left;\n\t\t\t\tmargin-top: 10px;\n\t\t\t\ttext-align: center;\n\t\t\t\twidth: 33%;\n\t\t\t}\n\t\t\t#gallery-1 img {\n\t\t\t\tborder: 2px solid #cfcfcf;\n\t\t\t}\n\t\t\t#gallery-1 .gallery-caption {\n\t\t\t\tmargin-left: 0;\n\t\t\t}\n\t\t\t\/* see gallery_shortcode() in wp-includes\/media.php *\/\n\t\t<\/style>\n\t\t<div id='gallery-1' class='gallery galleryid-6513 gallery-columns-3 gallery-size-thumbnail'><dl class='gallery-item'>\n\t\t\t<dt class='gallery-icon landscape'>\n\t\t\t\t<a href='https:\/\/www.ktto.net\/wp-content\/uploads\/2018\/08\/ktto-dev-is-toplumsal-uzlasi-010-1.jpg'><img loading=\"lazy\" decoding=\"async\" width=\"150\" height=\"150\" src=\"https:\/\/www.ktto.net\/wp-content\/uploads\/2018\/08\/ktto-dev-is-toplumsal-uzlasi-010-1-150x150.jpg\" class=\"attachment-thumbnail size-thumbnail\" alt=\"\" srcset=\"https:\/\/www.ktto.net\/wp-content\/uploads\/2018\/08\/ktto-dev-is-toplumsal-uzlasi-010-1-150x150.jpg 150w, https:\/\/www.ktto.net\/wp-content\/uploads\/2018\/08\/ktto-dev-is-toplumsal-uzlasi-010-1-230x230.jpg 230w\" sizes=\"auto, (max-width: 150px) 100vw, 150px\" \/><\/a>\n\t\t\t<\/dt><\/dl><dl class='gallery-item'>\n\t\t\t<dt class='gallery-icon landscape'>\n\t\t\t\t<a href='https:\/\/www.ktto.net\/wp-content\/uploads\/2018\/08\/ktto-dev-is-toplumsal-uzlasi-019-1.jpg'><img loading=\"lazy\" decoding=\"async\" width=\"150\" height=\"150\" src=\"https:\/\/www.ktto.net\/wp-content\/uploads\/2018\/08\/ktto-dev-is-toplumsal-uzlasi-019-1-150x150.jpg\" class=\"attachment-thumbnail size-thumbnail\" alt=\"\" srcset=\"https:\/\/www.ktto.net\/wp-content\/uploads\/2018\/08\/ktto-dev-is-toplumsal-uzlasi-019-1-150x150.jpg 150w, https:\/\/www.ktto.net\/wp-content\/uploads\/2018\/08\/ktto-dev-is-toplumsal-uzlasi-019-1-230x230.jpg 230w\" sizes=\"auto, (max-width: 150px) 100vw, 150px\" \/><\/a>\n\t\t\t<\/dt><\/dl><dl class='gallery-item'>\n\t\t\t<dt class='gallery-icon landscape'>\n\t\t\t\t<a href='https:\/\/www.ktto.net\/wp-content\/uploads\/2018\/08\/ktto-dev-is-toplumsal-uzlasi-038-1.jpg'><img loading=\"lazy\" decoding=\"async\" width=\"150\" height=\"150\" src=\"https:\/\/www.ktto.net\/wp-content\/uploads\/2018\/08\/ktto-dev-is-toplumsal-uzlasi-038-1-150x150.jpg\" class=\"attachment-thumbnail size-thumbnail\" alt=\"\" srcset=\"https:\/\/www.ktto.net\/wp-content\/uploads\/2018\/08\/ktto-dev-is-toplumsal-uzlasi-038-1-150x150.jpg 150w, https:\/\/www.ktto.net\/wp-content\/uploads\/2018\/08\/ktto-dev-is-toplumsal-uzlasi-038-1-230x230.jpg 230w\" sizes=\"auto, (max-width: 150px) 100vw, 150px\" \/><\/a>\n\t\t\t<\/dt><\/dl><br style=\"clear: both\" \/><dl class='gallery-item'>\n\t\t\t<dt class='gallery-icon landscape'>\n\t\t\t\t<a href='https:\/\/www.ktto.net\/wp-content\/uploads\/2018\/08\/ktto-dev-is-toplumsal-uzlasi-045-1.jpg'><img loading=\"lazy\" decoding=\"async\" width=\"150\" height=\"150\" src=\"https:\/\/www.ktto.net\/wp-content\/uploads\/2018\/08\/ktto-dev-is-toplumsal-uzlasi-045-1-150x150.jpg\" class=\"attachment-thumbnail size-thumbnail\" alt=\"\" srcset=\"https:\/\/www.ktto.net\/wp-content\/uploads\/2018\/08\/ktto-dev-is-toplumsal-uzlasi-045-1-150x150.jpg 150w, https:\/\/www.ktto.net\/wp-content\/uploads\/2018\/08\/ktto-dev-is-toplumsal-uzlasi-045-1-230x230.jpg 230w\" sizes=\"auto, (max-width: 150px) 100vw, 150px\" \/><\/a>\n\t\t\t<\/dt><\/dl><dl class='gallery-item'>\n\t\t\t<dt class='gallery-icon landscape'>\n\t\t\t\t<a href='https:\/\/www.ktto.net\/wp-content\/uploads\/2018\/08\/ktto-dev-is-toplumsal-uzlasi-024-1.jpg'><img loading=\"lazy\" decoding=\"async\" width=\"150\" height=\"150\" src=\"https:\/\/www.ktto.net\/wp-content\/uploads\/2018\/08\/ktto-dev-is-toplumsal-uzlasi-024-1-150x150.jpg\" class=\"attachment-thumbnail size-thumbnail\" alt=\"\" srcset=\"https:\/\/www.ktto.net\/wp-content\/uploads\/2018\/08\/ktto-dev-is-toplumsal-uzlasi-024-1-150x150.jpg 150w, https:\/\/www.ktto.net\/wp-content\/uploads\/2018\/08\/ktto-dev-is-toplumsal-uzlasi-024-1-230x230.jpg 230w\" sizes=\"auto, (max-width: 150px) 100vw, 150px\" \/><\/a>\n\t\t\t<\/dt><\/dl><dl class='gallery-item'>\n\t\t\t<dt class='gallery-icon landscape'>\n\t\t\t\t<a href='https:\/\/www.ktto.net\/wp-content\/uploads\/2018\/08\/ktto-avustralya-1-1.jpg'><img loading=\"lazy\" decoding=\"async\" width=\"150\" height=\"150\" src=\"https:\/\/www.ktto.net\/wp-content\/uploads\/2018\/08\/ktto-avustralya-1-1-150x150.jpg\" class=\"attachment-thumbnail size-thumbnail\" alt=\"\" srcset=\"https:\/\/www.ktto.net\/wp-content\/uploads\/2018\/08\/ktto-avustralya-1-1-150x150.jpg 150w, https:\/\/www.ktto.net\/wp-content\/uploads\/2018\/08\/ktto-avustralya-1-1-230x230.jpg 230w\" sizes=\"auto, (max-width: 150px) 100vw, 150px\" \/><\/a>\n\t\t\t<\/dt><\/dl><br style=\"clear: both\" \/>\n\t\t<\/div>\n\n<p class=\"text-center\"><a class=\"btn btn-success\" title=\"Foto\u011fraflar\" href=\"http:\/\/ktto.net\/ru\/\u0444\u043e\u0442\u043e\u0433\u0440\u0430\u0444\u0438\u0438\/\">\u0412\u0441\u0435 \u0444\u043e\u0442\u043e\u0433\u0440\u0430\u0444\u0438\u0438<\/a><\/p>\n<p>[\/vc_column_text][vc_column_text]<div class=\"video_loop\"><div class=\"video_item col-md-12\">\n\t\t\t\t\t<h4 class=\"video_title\">KKTC Ekonomi ve \u0130\u015f Ortam\u0131<\/h4>\n\t\t\t\t\t<div class=\"video_container\"><iframe loading=\"lazy\" title=\"YouTube video player\" src=\"https:\/\/www.youtube.com\/embed\/rUmPv9D8bWY?si=nGLO0E0joxh6GJ-9\" width=\"560\" height=\"315\" frameborder=\"0\" allowfullscreen=\"allowfullscreen\"><\/iframe><\/div>\n\t\t\t\t<\/div><div class=\"clearfix\"><\/div><\/div>\n<p style=\"text-align: center;\"><a class=\"btn btn-success\" href=\"http:\/\/ktto.net\/ru\/\u0432\u0438\u0434\u0435\u043e-\u0430\u0440\u0445\u0438\u0432\/\">\u0412\u0438\u0434\u0435\u043e \u0430\u0440\u0445\u0438\u0432<\/a><\/p>\n<p>[\/vc_column_text][\/vc_column][vc_column width=&#187;1\/2&#8243;][vc_tabs interval=&#187;0&#8243; title=&#187;\u0414\u041b\u042f \u0412\u0410\u0428\u0415\u0419 \u0420\u0410\u0411\u041e\u0422\u042b&#187;][vc_tab title=&#187;\u0424\u041e\u0420\u041c\u042b&#187; tab_id=&#187;1424448474063-3-8&#8243;][vc_column_text]<\/p>\n<p><strong><a title=\"\u00c7al\u0131\u015fma Dairesi\" href=\"http:\/\/ktto.net\/ru\/\u043e\u0442\u0434\u0435\u043b-\u0442\u0440\u0443\u0434\u0430\/\">\u041e\u0422\u0414\u0415\u041b \u0422\u0420\u0423\u0414\u0410<\/a><\/strong>[\/vc_column_text][\/vc_tab][\/vc_tabs][vc_column_text]<a href=\"http:\/\/ktto.net\/en\/brussels-representation\/?lang=en\"><img loading=\"lazy\" decoding=\"async\" class=\"aligncenter wp-image-6699 size-full\" src=\"http:\/\/ktto.net\/wp-content\/uploads\/2015\/12\/br\u00fcksel_banner-ru.png\" alt=\"\u041f\u0420\u0415\u0414\u0421\u0422\u0410\u0412\u0418\u0422\u0415\u041b\u042c\u0421\u0422\u0412\u041e \u0412 \u0411\u0420\u042e\u0421\u0421\u0415\u041b\u0415\" width=\"499\" height=\"155\" srcset=\"https:\/\/www.ktto.net\/wp-content\/uploads\/2015\/12\/br\u00fcksel_banner-ru.png 499w, https:\/\/www.ktto.net\/wp-content\/uploads\/2015\/12\/br\u00fcksel_banner-ru-300x93.png 300w, https:\/\/www.ktto.net\/wp-content\/uploads\/2015\/12\/br\u00fcksel_banner-ru-340x106.png 340w\" sizes=\"auto, (max-width: 499px) 100vw, 499px\" \/><\/a>[\/vc_column_text][\/vc_column][\/vc_row]<\/p>\n<\/div>","protected":false},"excerpt":{"rendered":"<p>[vc_row][vc_column width=&#187;1\/2&#8243;][vc_column_text el_class=&#187;hide&#187;] \u0424\u043e\u0442\u043e\u0433\u0440\u0430\u0444\u0438\u0438 \u0412\u0441\u0435 \u0444\u043e\u0442\u043e\u0433\u0440\u0430\u0444\u0438\u0438 [\/vc_column_text][vc_column_text] \u0412\u0438\u0434\u0435\u043e \u0430\u0440\u0445\u0438\u0432 [\/vc_column_text][\/vc_column][vc_column width=&#187;1\/2&#8243;][vc_tabs interval=&#187;0&#8243; title=&#187;\u0414\u041b\u042f \u0412\u0410\u0428\u0415\u0419 \u0420\u0410\u0411\u041e\u0422\u042b&#187;][vc_tab title=&#187;\u0424\u041e\u0420\u041c\u042b&#187; tab_id=&#187;1424448474063-3-8&#8243;][vc_column_text] \u041e\u0422\u0414\u0415\u041b \u0422\u0420\u0423\u0414\u0410[\/vc_column_text][\/vc_tab][\/vc_tabs][vc_column_text][\/vc_column_text][\/vc_column][\/vc_row]<\/p>\n","protected":false},"author":2,"featured_media":0,"parent":0,"menu_order":0,"comment_status":"open","ping_status":"open","template":"page_home.php","meta":{"om_disable_all_campaigns":false,"_monsterinsights_skip_tracking":false,"_monsterinsights_sitenote_active":false,"_monsterinsights_sitenote_note":"","_monsterinsights_sitenote_category":0,"footnotes":""},"class_list":["post-6513","page","type-page","status-publish","hentry"],"yoast_head":"<!-- This site is optimized with the Yoast SEO plugin v27.3 - https:\/\/yoast.com\/product\/yoast-seo-wordpress\/ -->\n<title>\u0414\u041e\u041c\u0410\u0428\u041d\u042f\u042f \u0421\u0422\u0420\u0410\u041d\u0418\u0426\u0410 - Ticaret Odas\u0131<\/title>\n<meta name=\"robots\" content=\"index, follow, max-snippet:-1, max-image-preview:large, max-video-preview:-1\" \/>\n<link rel=\"canonical\" href=\"https:\/\/www.ktto.net\/ru\/\" \/>\n<meta property=\"og:locale\" content=\"ru_RU\" \/>\n<meta property=\"og:type\" content=\"article\" \/>\n<meta property=\"og:title\" content=\"\u0414\u041e\u041c\u0410\u0428\u041d\u042f\u042f \u0421\u0422\u0420\u0410\u041d\u0418\u0426\u0410 - Ticaret Odas\u0131\" \/>\n<meta property=\"og:description\" content=\"[vc_row][vc_column width=&#187;1\/2&#8243;][vc_column_text el_class=&#187;hide&#187;] \u0424\u043e\u0442\u043e\u0433\u0440\u0430\u0444\u0438\u0438 \u0412\u0441\u0435 \u0444\u043e\u0442\u043e\u0433\u0440\u0430\u0444\u0438\u0438 [\/vc_column_text][vc_column_text] \u0412\u0438\u0434\u0435\u043e \u0430\u0440\u0445\u0438\u0432 [\/vc_column_text][\/vc_column][vc_column width=&#187;1\/2&#8243;][vc_tabs interval=&#187;0&#8243; title=&#187;\u0414\u041b\u042f \u0412\u0410\u0428\u0415\u0419 \u0420\u0410\u0411\u041e\u0422\u042b&#187;][vc_tab title=&#187;\u0424\u041e\u0420\u041c\u042b&#187; tab_id=&#187;1424448474063-3-8&#8243;][vc_column_text] \u041e\u0422\u0414\u0415\u041b \u0422\u0420\u0423\u0414\u0410[\/vc_column_text][\/vc_tab][\/vc_tabs][vc_column_text][\/vc_column_text][\/vc_column][\/vc_row]\" \/>\n<meta property=\"og:url\" content=\"https:\/\/www.ktto.net\/ru\/\" \/>\n<meta property=\"og:site_name\" content=\"Ticaret Odas\u0131\" \/>\n<meta property=\"article:modified_time\" content=\"2023-09-15T09:01:21+00:00\" \/>\n<meta property=\"og:image\" content=\"https:\/\/www.ktto.net\/wp-content\/uploads\/2018\/08\/ktto-dev-is-toplumsal-uzlasi-010-1-150x150.jpg\" \/>\n<meta name=\"twitter:card\" content=\"summary_large_image\" \/>\n<meta name=\"twitter:label1\" content=\"\u041f\u0440\u0438\u043c\u0435\u0440\u043d\u043e\u0435 \u0432\u0440\u0435\u043c\u044f \u0434\u043b\u044f \u0447\u0442\u0435\u043d\u0438\u044f\" \/>\n\t<meta name=\"twitter:data1\" content=\"1 \u043c\u0438\u043d\u0443\u0442\u0430\" \/>\n<script type=\"application\/ld+json\" class=\"yoast-schema-graph\">{\"@context\":\"https:\\\/\\\/schema.org\",\"@graph\":[{\"@type\":\"WebPage\",\"@id\":\"https:\\\/\\\/www.ktto.net\\\/ru\\\/\",\"url\":\"https:\\\/\\\/www.ktto.net\\\/ru\\\/\",\"name\":\"\u0414\u041e\u041c\u0410\u0428\u041d\u042f\u042f \u0421\u0422\u0420\u0410\u041d\u0418\u0426\u0410 - Ticaret Odas\u0131\",\"isPartOf\":{\"@id\":\"https:\\\/\\\/www.ktto.net\\\/#website\"},\"datePublished\":\"2015-12-28T13:35:03+00:00\",\"dateModified\":\"2023-09-15T09:01:21+00:00\",\"breadcrumb\":{\"@id\":\"https:\\\/\\\/www.ktto.net\\\/ru\\\/#breadcrumb\"},\"inLanguage\":\"ru-RU\",\"potentialAction\":[{\"@type\":\"ReadAction\",\"target\":[\"https:\\\/\\\/www.ktto.net\\\/ru\\\/\"]}]},{\"@type\":\"BreadcrumbList\",\"@id\":\"https:\\\/\\\/www.ktto.net\\\/ru\\\/#breadcrumb\",\"itemListElement\":[{\"@type\":\"ListItem\",\"position\":1,\"name\":\"Ana sayfa\",\"item\":\"https:\\\/\\\/www.ktto.net\\\/ru\\\/\"},{\"@type\":\"ListItem\",\"position\":2,\"name\":\"\u0414\u041e\u041c\u0410\u0428\u041d\u042f\u042f \u0421\u0422\u0420\u0410\u041d\u0418\u0426\u0410\"}]},{\"@type\":\"WebSite\",\"@id\":\"https:\\\/\\\/www.ktto.net\\\/#website\",\"url\":\"https:\\\/\\\/www.ktto.net\\\/\",\"name\":\"Ticaret Odas\u0131\",\"description\":\"\",\"potentialAction\":[{\"@type\":\"SearchAction\",\"target\":{\"@type\":\"EntryPoint\",\"urlTemplate\":\"https:\\\/\\\/www.ktto.net\\\/?s={search_term_string}\"},\"query-input\":{\"@type\":\"PropertyValueSpecification\",\"valueRequired\":true,\"valueName\":\"search_term_string\"}}],\"inLanguage\":\"ru-RU\"}]}<\/script>\n<!-- \/ Yoast SEO plugin. -->","yoast_head_json":{"title":"\u0414\u041e\u041c\u0410\u0428\u041d\u042f\u042f \u0421\u0422\u0420\u0410\u041d\u0418\u0426\u0410 - Ticaret Odas\u0131","robots":{"index":"index","follow":"follow","max-snippet":"max-snippet:-1","max-image-preview":"max-image-preview:large","max-video-preview":"max-video-preview:-1"},"canonical":"https:\/\/www.ktto.net\/ru\/","og_locale":"ru_RU","og_type":"article","og_title":"\u0414\u041e\u041c\u0410\u0428\u041d\u042f\u042f \u0421\u0422\u0420\u0410\u041d\u0418\u0426\u0410 - Ticaret Odas\u0131","og_description":"[vc_row][vc_column width=&#187;1\/2&#8243;][vc_column_text el_class=&#187;hide&#187;] \u0424\u043e\u0442\u043e\u0433\u0440\u0430\u0444\u0438\u0438 \u0412\u0441\u0435 \u0444\u043e\u0442\u043e\u0433\u0440\u0430\u0444\u0438\u0438 [\/vc_column_text][vc_column_text] \u0412\u0438\u0434\u0435\u043e \u0430\u0440\u0445\u0438\u0432 [\/vc_column_text][\/vc_column][vc_column width=&#187;1\/2&#8243;][vc_tabs interval=&#187;0&#8243; title=&#187;\u0414\u041b\u042f \u0412\u0410\u0428\u0415\u0419 \u0420\u0410\u0411\u041e\u0422\u042b&#187;][vc_tab title=&#187;\u0424\u041e\u0420\u041c\u042b&#187; tab_id=&#187;1424448474063-3-8&#8243;][vc_column_text] \u041e\u0422\u0414\u0415\u041b \u0422\u0420\u0423\u0414\u0410[\/vc_column_text][\/vc_tab][\/vc_tabs][vc_column_text][\/vc_column_text][\/vc_column][\/vc_row]","og_url":"https:\/\/www.ktto.net\/ru\/","og_site_name":"Ticaret Odas\u0131","article_modified_time":"2023-09-15T09:01:21+00:00","og_image":[{"url":"https:\/\/www.ktto.net\/wp-content\/uploads\/2018\/08\/ktto-dev-is-toplumsal-uzlasi-010-1-150x150.jpg","type":"","width":"","height":""}],"twitter_card":"summary_large_image","twitter_misc":{"\u041f\u0440\u0438\u043c\u0435\u0440\u043d\u043e\u0435 \u0432\u0440\u0435\u043c\u044f \u0434\u043b\u044f \u0447\u0442\u0435\u043d\u0438\u044f":"1 \u043c\u0438\u043d\u0443\u0442\u0430"},"schema":{"@context":"https:\/\/schema.org","@graph":[{"@type":"WebPage","@id":"https:\/\/www.ktto.net\/ru\/","url":"https:\/\/www.ktto.net\/ru\/","name":"\u0414\u041e\u041c\u0410\u0428\u041d\u042f\u042f \u0421\u0422\u0420\u0410\u041d\u0418\u0426\u0410 - Ticaret Odas\u0131","isPartOf":{"@id":"https:\/\/www.ktto.net\/#website"},"datePublished":"2015-12-28T13:35:03+00:00","dateModified":"2023-09-15T09:01:21+00:00","breadcrumb":{"@id":"https:\/\/www.ktto.net\/ru\/#breadcrumb"},"inLanguage":"ru-RU","potentialAction":[{"@type":"ReadAction","target":["https:\/\/www.ktto.net\/ru\/"]}]},{"@type":"BreadcrumbList","@id":"https:\/\/www.ktto.net\/ru\/#breadcrumb","itemListElement":[{"@type":"ListItem","position":1,"name":"Ana sayfa","item":"https:\/\/www.ktto.net\/ru\/"},{"@type":"ListItem","position":2,"name":"\u0414\u041e\u041c\u0410\u0428\u041d\u042f\u042f \u0421\u0422\u0420\u0410\u041d\u0418\u0426\u0410"}]},{"@type":"WebSite","@id":"https:\/\/www.ktto.net\/#website","url":"https:\/\/www.ktto.net\/","name":"Ticaret Odas\u0131","description":"","potentialAction":[{"@type":"SearchAction","target":{"@type":"EntryPoint","urlTemplate":"https:\/\/www.ktto.net\/?s={search_term_string}"},"query-input":{"@type":"PropertyValueSpecification","valueRequired":true,"valueName":"search_term_string"}}],"inLanguage":"ru-RU"}]}},"_links":{"self":[{"href":"https:\/\/www.ktto.net\/ru\/wp-json\/wp\/v2\/pages\/6513","targetHints":{"allow":["GET"]}}],"collection":[{"href":"https:\/\/www.ktto.net\/ru\/wp-json\/wp\/v2\/pages"}],"about":[{"href":"https:\/\/www.ktto.net\/ru\/wp-json\/wp\/v2\/types\/page"}],"author":[{"embeddable":true,"href":"https:\/\/www.ktto.net\/ru\/wp-json\/wp\/v2\/users\/2"}],"replies":[{"embeddable":true,"href":"https:\/\/www.ktto.net\/ru\/wp-json\/wp\/v2\/comments?post=6513"}],"version-history":[{"count":15,"href":"https:\/\/www.ktto.net\/ru\/wp-json\/wp\/v2\/pages\/6513\/revisions"}],"predecessor-version":[{"id":64566,"href":"https:\/\/www.ktto.net\/ru\/wp-json\/wp\/v2\/pages\/6513\/revisions\/64566"}],"wp:attachment":[{"href":"https:\/\/www.ktto.net\/ru\/wp-json\/wp\/v2\/media?parent=6513"}],"curies":[{"name":"wp","href":"https:\/\/api.w.org\/{rel}","templated":true}]}}